{"id":658,"date":"2024-12-30T14:03:40","date_gmt":"2024-12-30T14:03:40","guid":{"rendered":"https:\/\/rbgclinic.com\/?page_id=658"},"modified":"2025-08-27T10:53:25","modified_gmt":"2025-08-27T10:53:25","slug":"endodoncia","status":"publish","type":"page","link":"https:\/\/rbgclinic.com\/en\/tratamientos-dentales\/endodoncia\/","title":{"rendered":"Endodontics"},"content":{"rendered":"<div data-elementor-type=\"wp-page\" data-elementor-id=\"658\" class=\"elementor elementor-658\" data-elementor-post-type=\"page\">\n\t\t\t\t<div class=\"elementor-element elementor-element-3511c62 e-con-full e-flex e-con e-parent\" data-id=\"3511c62\" data-element_type=\"container\" data-e-type=\"container\" data-settings=\"{&quot;background_background&quot;:&quot;classic&quot;}\">\n\t\t<div class=\"elementor-element elementor-element-bf2736e e-con-full e-flex e-con e-child\" data-id=\"bf2736e\" data-element_type=\"container\" data-e-type=\"container\">\n\t\t\t\t<div class=\"elementor-element elementor-element-e54c90d elementor-widget__width-initial elementor-widget elementor-widget-heading\" data-id=\"e54c90d\" data-element_type=\"widget\" data-e-type=\"widget\" data-widget_type=\"heading.default\">\n\t\t\t\t<div class=\"elementor-widget-container\">\n\t\t\t\t\t<h1 class=\"elementor-heading-title elementor-size-default\">Endodontics<\/h1>\t\t\t\t<\/div>\n\t\t\t\t<\/div>\n\t\t\t\t<\/div>\n\t\t<div class=\"elementor-element elementor-element-9211599 e-con-full e-flex e-con e-child\" data-id=\"9211599\" data-element_type=\"container\" data-e-type=\"container\">\n\t\t\t\t<div class=\"elementor-element elementor-element-c0399f6 elementor-widget__width-initial elementor-widget-tablet__width-inherit elementor-view-default elementor-widget elementor-widget-icon\" data-id=\"c0399f6\" data-element_type=\"widget\" data-e-type=\"widget\" data-widget_type=\"icon.default\">\n\t\t\t\t<div class=\"elementor-widget-container\">\n\t\t\t\t\t\t\t<div class=\"elementor-icon-wrapper\">\n\t\t\t<div class=\"elementor-icon\">\n\t\t\t<svg xmlns=\"http:\/\/www.w3.org\/2000\/svg\" width=\"136\" height=\"57\" viewbox=\"0 0 136 57\" fill=\"none\"><rect x=\"1\" y=\"1\" width=\"133.28\" height=\"55\" rx=\"27.5\" stroke=\"#0082C2\" stroke-width=\"2\"><\/rect><path d=\"M107.16 41.0393L117.8 30.3993L107.16 19.7593\" stroke=\"#0082C2\" stroke-width=\"2\"><\/path><path d=\"M31.1602 19.7601L20.5202 30.4001L31.1602 41.0401\" stroke=\"#0082C2\" stroke-width=\"2\"><\/path><path d=\"M69.1602 41.0393L69.1602 19.7593\" stroke=\"#0082C2\" stroke-width=\"2\"><\/path><\/svg>\t\t\t<\/div>\n\t\t<\/div>\n\t\t\t\t\t\t<\/div>\n\t\t\t\t<\/div>\n\t\t\t\t<div class=\"elementor-element elementor-element-804155a elementor-widget__width-initial elementor-widget-divider--view-line elementor-widget elementor-widget-divider\" data-id=\"804155a\" data-element_type=\"widget\" data-e-type=\"widget\" data-widget_type=\"divider.default\">\n\t\t\t\t<div class=\"elementor-widget-container\">\n\t\t\t\t\t\t\t<div class=\"elementor-divider\">\n\t\t\t<span class=\"elementor-divider-separator\">\n\t\t\t\t\t\t<\/span>\n\t\t<\/div>\n\t\t\t\t\t\t<\/div>\n\t\t\t\t<\/div>\n\t\t\t\t<div class=\"elementor-element elementor-element-54c9622 elementor-widget__width-initial elementor-widget elementor-widget-text-editor\" data-id=\"54c9622\" data-element_type=\"widget\" data-e-type=\"widget\" data-widget_type=\"text-editor.default\">\n\t\t\t\t<div class=\"elementor-widget-container\">\n\t\t\t\t\t\t\t\t\t<p><strong>Service:<\/strong><br \/>Silvia Cano<\/p><p><strong>Tags:<\/strong><br \/>Advanced dental care, endodontics, root canal treatment, specialist dentist, no dental pain<\/p>\t\t\t\t\t\t\t\t<\/div>\n\t\t\t\t<\/div>\n\t\t\t\t<div class=\"elementor-element elementor-element-cd17743 elementor-widget__width-initial elementor-align-left elementor-tablet-align-left elementor-widget-tablet__width-inherit elementor-widget elementor-widget-button\" data-id=\"cd17743\" data-element_type=\"widget\" data-e-type=\"widget\" data-widget_type=\"button.default\">\n\t\t\t\t<div class=\"elementor-widget-container\">\n\t\t\t\t\t\t\t\t\t<div class=\"elementor-button-wrapper\">\n\t\t\t\t\t<a class=\"elementor-button elementor-button-link elementor-size-sm\" href=\"https:\/\/rbgclinic.com\/en\/contacto-dentistas-jerez\/\">\n\t\t\t\t\t\t<span class=\"elementor-button-content-wrapper\">\n\t\t\t\t\t\t\t\t\t<span class=\"elementor-button-text\">Contact<\/span>\n\t\t\t\t\t<\/span>\n\t\t\t\t\t<\/a>\n\t\t\t\t<\/div>\n\t\t\t\t\t\t\t\t<\/div>\n\t\t\t\t<\/div>\n\t\t\t\t<\/div>\n\t\t<div class=\"elementor-element elementor-element-f70f64d e-con-full e-flex e-con e-child\" data-id=\"f70f64d\" data-element_type=\"container\" data-e-type=\"container\">\n\t\t\t\t<div class=\"elementor-element elementor-element-894f016 elementor-widget elementor-widget-image\" data-id=\"894f016\" data-element_type=\"widget\" data-e-type=\"widget\" data-widget_type=\"image.default\">\n\t\t\t\t<div class=\"elementor-widget-container\">\n\t\t\t\t\t\t\t\t\t\t\t\t\t\t\t<img decoding=\"async\" width=\"1319\" height=\"954\" src=\"https:\/\/rbgclinic.com\/wp-content\/uploads\/2025\/01\/endodoncias.webp\" class=\"attachment-full size-full wp-image-831\" alt=\"Endodoncias\" srcset=\"https:\/\/rbgclinic.com\/wp-content\/uploads\/2025\/01\/endodoncias.webp 1319w, https:\/\/rbgclinic.com\/wp-content\/uploads\/2025\/01\/endodoncias-300x217.webp 300w, https:\/\/rbgclinic.com\/wp-content\/uploads\/2025\/01\/endodoncias-1024x741.webp 1024w, https:\/\/rbgclinic.com\/wp-content\/uploads\/2025\/01\/endodoncias-768x555.webp 768w\" sizes=\"(max-width: 1319px) 100vw, 1319px\" \/>\t\t\t\t\t\t\t\t\t\t\t\t\t\t\t<\/div>\n\t\t\t\t<\/div>\n\t\t\t\t<div class=\"elementor-element elementor-element-5c28730 elementor-widget__width-initial elementor-widget elementor-widget-heading\" data-id=\"5c28730\" data-element_type=\"widget\" data-e-type=\"widget\" data-widget_type=\"heading.default\">\n\t\t\t\t<div class=\"elementor-widget-container\">\n\t\t\t\t\t<h2 class=\"elementor-heading-title elementor-size-default\">What is endodontics?<\/h2>\t\t\t\t<\/div>\n\t\t\t\t<\/div>\n\t\t\t\t<div class=\"elementor-element elementor-element-4bfca66 elementor-widget__width-initial elementor-widget elementor-widget-text-editor\" data-id=\"4bfca66\" data-element_type=\"widget\" data-e-type=\"widget\" data-widget_type=\"text-editor.default\">\n\t\t\t\t<div class=\"elementor-widget-container\">\n\t\t\t\t\t\t\t\t\t<p>Endodontics is a specialty of dentistry that deals with the prevention, diagnosis and treatment of diseases of the dental pulp. The pulp is a tissue located inside the teeth that provides nutrition and sensitivity, allowing the tooth to perceive external stimuli.<\/p><p>When this pulp is damaged or inflamed, either due to deep cavities, trauma or infections, endodontics can save the tooth by removing the affected tissue and then sealing it, preserving the functionality and aesthetics of the tooth.<\/p>\t\t\t\t\t\t\t\t<\/div>\n\t\t\t\t<\/div>\n\t\t<div class=\"elementor-element elementor-element-6be2f35 e-con-full e-flex e-con e-child\" data-id=\"6be2f35\" data-element_type=\"container\" data-e-type=\"container\">\n\t\t\t\t<div class=\"elementor-element elementor-element-e032d98 elementor-widget__width-initial elementor-widget elementor-widget-text-editor\" data-id=\"e032d98\" data-element_type=\"widget\" data-e-type=\"widget\" data-widget_type=\"text-editor.default\">\n\t\t\t\t<div class=\"elementor-widget-container\">\n\t\t\t\t\t\t\t\t\t<p>\u201cA root canal treatment not only saves your teeth, but also takes care of your long-term oral health.\u201d<\/p>\t\t\t\t\t\t\t\t<\/div>\n\t\t\t\t<\/div>\n\t\t\t\t<\/div>\n\t\t\t\t<div class=\"elementor-element elementor-element-4c5086b elementor-widget__width-initial elementor-widget elementor-widget-heading\" data-id=\"4c5086b\" data-element_type=\"widget\" data-e-type=\"widget\" data-widget_type=\"heading.default\">\n\t\t\t\t<div class=\"elementor-widget-container\">\n\t\t\t\t\t<h2 class=\"elementor-heading-title elementor-size-default\">Technological advances: Microscopic endodontics<\/h2>\t\t\t\t<\/div>\n\t\t\t\t<\/div>\n\t\t\t\t<div class=\"elementor-element elementor-element-16a1dd3 elementor-widget__width-initial elementor-widget elementor-widget-text-editor\" data-id=\"16a1dd3\" data-element_type=\"widget\" data-e-type=\"widget\" data-widget_type=\"text-editor.default\">\n\t\t\t\t<div class=\"elementor-widget-container\">\n\t\t\t\t\t\t\t\t\t<p>The introduction of the operating microscope in the field of dentistry has meant an unprecedented advance. This instrument allows working with millimetric precision, increasing the effectiveness and safety of treatments. Thanks to microscopic endodontics, the following can be achieved:<\/p><ul><li>Extremely accurate results.<\/li><li>Faster and safer procedures.<\/li><li>Better preservation of dental structure.<\/li><\/ul>\t\t\t\t\t\t\t\t<\/div>\n\t\t\t\t<\/div>\n\t\t<div class=\"elementor-element elementor-element-fa61643 e-con-full e-flex e-con e-child\" data-id=\"fa61643\" data-element_type=\"container\" data-e-type=\"container\">\n\t\t\t\t<div class=\"elementor-element elementor-element-1dfe96b elementor-widget__width-initial elementor-widget elementor-widget-text-editor\" data-id=\"1dfe96b\" data-element_type=\"widget\" data-e-type=\"widget\" data-widget_type=\"text-editor.default\">\n\t\t\t\t<div class=\"elementor-widget-container\">\n\t\t\t\t\t\t\t\t\t<p>\u201cThanks to microscopic endodontics, we achieve more precise, safe and effective treatments.\u201d<\/p>\t\t\t\t\t\t\t\t<\/div>\n\t\t\t\t<\/div>\n\t\t\t\t<\/div>\n\t\t\t\t<\/div>\n\t\t\t\t<\/div>\n\t\t<div class=\"elementor-element elementor-element-e94b6cb e-flex e-con-boxed e-con e-parent\" data-id=\"e94b6cb\" data-element_type=\"container\" data-e-type=\"container\" data-settings=\"{&quot;background_background&quot;:&quot;classic&quot;}\">\n\t\t\t\t\t<div class=\"e-con-inner\">\n\t\t<div class=\"elementor-element elementor-element-1eae26a e-con-full e-flex e-con e-child\" data-id=\"1eae26a\" data-element_type=\"container\" data-e-type=\"container\">\n\t\t\t\t<div class=\"elementor-element elementor-element-2b22edb elementor-widget__width-initial elementor-widget elementor-widget-text-editor\" data-id=\"2b22edb\" data-element_type=\"widget\" data-e-type=\"widget\" data-widget_type=\"text-editor.default\">\n\t\t\t\t<div class=\"elementor-widget-container\">\n\t\t\t\t\t\t\t\t\t<p><b>Schedule your first consultation today!<\/b><\/p>\t\t\t\t\t\t\t\t<\/div>\n\t\t\t\t<\/div>\n\t\t\t\t<div class=\"elementor-element elementor-element-ec9181b elementor-widget__width-initial elementor-widget elementor-widget-heading\" data-id=\"ec9181b\" data-element_type=\"widget\" data-e-type=\"widget\" data-widget_type=\"heading.default\">\n\t\t\t\t<div class=\"elementor-widget-container\">\n\t\t\t\t\t<h2 class=\"elementor-heading-title elementor-size-default\">Take the first step to a healthy smile.<\/h2>\t\t\t\t<\/div>\n\t\t\t\t<\/div>\n\t\t\t\t<\/div>\n\t\t\t\t<div class=\"elementor-element elementor-element-15b6c9a elementor-widget__width-initial elementor-widget-mobile__width-inherit elementor-widget elementor-widget-heading\" data-id=\"15b6c9a\" data-element_type=\"widget\" data-e-type=\"widget\" data-widget_type=\"heading.default\">\n\t\t\t\t<div class=\"elementor-widget-container\">\n\t\t\t\t\t<h2 class=\"elementor-heading-title elementor-size-default\">First consultation free<\/h2>\t\t\t\t<\/div>\n\t\t\t\t<\/div>\n\t\t<div class=\"elementor-element elementor-element-2d0b9ba e-con-full e-flex e-con e-child\" data-id=\"2d0b9ba\" data-element_type=\"container\" data-e-type=\"container\">\n\t\t\t\t<div class=\"elementor-element elementor-element-2ac1022 elementor-widget__width-initial elementor-widget elementor-widget-text-editor\" data-id=\"2ac1022\" data-element_type=\"widget\" data-e-type=\"widget\" data-widget_type=\"text-editor.default\">\n\t\t\t\t<div class=\"elementor-widget-container\">\n\t\t\t\t\t\t\t\t\t<p>Discover a new experience in <strong>dental care<\/strong> with our <strong>first consultation<\/strong> and fully diagnosed <strong>gratuitous <\/strong>for new patients.<\/p>\t\t\t\t\t\t\t\t<\/div>\n\t\t\t\t<\/div>\n\t\t\t\t<div class=\"elementor-element elementor-element-d55581a elementor-align-justify elementor-widget__width-initial elementor-widget elementor-widget-button\" data-id=\"d55581a\" data-element_type=\"widget\" data-e-type=\"widget\" data-widget_type=\"button.default\">\n\t\t\t\t<div class=\"elementor-widget-container\">\n\t\t\t\t\t\t\t\t\t<div class=\"elementor-button-wrapper\">\n\t\t\t\t\t<a class=\"elementor-button elementor-button-link elementor-size-sm\" href=\"https:\/\/api.whatsapp.com\/send?phone=34661766827&#038;text=%C2%A1Hola!%20Estoy%20interesado\/a%20en%20solicitar%20una%20primera%20consulta\">\n\t\t\t\t\t\t<span class=\"elementor-button-content-wrapper\">\n\t\t\t\t\t\t<span class=\"elementor-button-icon\">\n\t\t\t\t<svg aria-hidden=\"true\" class=\"e-font-icon-svg e-fab-whatsapp\" viewbox=\"0 0 448 512\" xmlns=\"http:\/\/www.w3.org\/2000\/svg\"><path d=\"M380.9 97.1C339 55.1 283.2 32 223.9 32c-122.4 0-222 99.6-222 222 0 39.1 10.2 77.3 29.6 111L0 480l117.7-30.9c32.4 17.7 68.9 27 106.1 27h.1c122.3 0 224.1-99.6 224.1-222 0-59.3-25.2-115-67.1-157zm-157 341.6c-33.2 0-65.7-8.9-94-25.7l-6.7-4-69.8 18.3L72 359.2l-4.4-7c-18.5-29.4-28.2-63.3-28.2-98.2 0-101.7 82.8-184.5 184.6-184.5 49.3 0 95.6 19.2 130.4 54.1 34.8 34.9 56.2 81.2 56.1 130.5 0 101.8-84.9 184.6-186.6 184.6zm101.2-138.2c-5.5-2.8-32.8-16.2-37.9-18-5.1-1.9-8.8-2.8-12.5 2.8-3.7 5.6-14.3 18-17.6 21.8-3.2 3.7-6.5 4.2-12 1.4-32.6-16.3-54-29.1-75.5-66-5.7-9.8 5.7-9.1 16.3-30.3 1.8-3.7.9-6.9-.5-9.7-1.4-2.8-12.5-30.1-17.1-41.2-4.5-10.8-9.1-9.3-12.5-9.5-3.2-.2-6.9-.2-10.6-.2-3.7 0-9.7 1.4-14.8 6.9-5.1 5.6-19.4 19-19.4 46.3 0 27.3 19.9 53.7 22.6 57.4 2.8 3.7 39.1 59.7 94.8 83.8 35.2 15.2 49 16.5 66.6 13.9 10.7-1.6 32.8-13.4 37.4-26.4 4.6-13 4.6-24.1 3.2-26.4-1.3-2.5-5-3.9-10.5-6.6z\"><\/path><\/svg>\t\t\t<\/span>\n\t\t\t\t\t\t\t\t\t<span class=\"elementor-button-text\">Free consultation<\/span>\n\t\t\t\t\t<\/span>\n\t\t\t\t\t<\/a>\n\t\t\t\t<\/div>\n\t\t\t\t\t\t\t\t<\/div>\n\t\t\t\t<\/div>\n\t\t\t\t<\/div>\n\t\t\t\t\t<\/div>\n\t\t\t\t<\/div>\n\t\t\t\t<\/div>","protected":false},"excerpt":{"rendered":"<p>Endodoncia Servicio:Silvia Cano Etiquetas:Cuidado dental avanzado, endodoncia, tratamiento de ra\u00edz, dentista especialista, sin dolor dental Contactar \u00bfQu\u00e9 es la endodoncia? La endodoncia es una especialidad de la odontolog\u00eda que se ocupa de la prevenci\u00f3n, diagn\u00f3stico y tratamiento de las enfermedades de la pulpa dental. La pulpa es un tejido ubicado en el interior de los [&hellip;]<\/p>\n","protected":false},"author":2,"featured_media":0,"parent":25,"menu_order":0,"comment_status":"closed","ping_status":"closed","template":"","meta":{"footnotes":""},"class_list":["post-658","page","type-page","status-publish","hentry"],"yoast_head":"<!-- This site is optimized with the Yoast SEO plugin v27.4 - https:\/\/yoast.com\/product\/yoast-seo-wordpress\/ -->\n<title>Endodoncia | RBG Clinic<\/title>\n<meta name=\"description\" content=\"La endodoncia es una especialidad de la odontolog\u00eda que se ocupa de la prevenci\u00f3n y tratamiento de las enfermedades de la pulpa dental.\" \/>\n<meta name=\"robots\" content=\"index, follow, max-snippet:-1, max-image-preview:large, max-video-preview:-1\" \/>\n<link rel=\"canonical\" href=\"https:\/\/rbgclinic.com\/en\/tratamientos-dentales\/endodoncia\/\" \/>\n<meta property=\"og:locale\" content=\"en_GB\" \/>\n<meta property=\"og:type\" content=\"article\" \/>\n<meta property=\"og:title\" content=\"Endodoncia | RBG Clinic\" \/>\n<meta property=\"og:description\" content=\"La endodoncia es una especialidad de la odontolog\u00eda que se ocupa de la prevenci\u00f3n y tratamiento de las enfermedades de la pulpa dental.\" \/>\n<meta property=\"og:url\" content=\"https:\/\/rbgclinic.com\/en\/tratamientos-dentales\/endodoncia\/\" \/>\n<meta property=\"og:site_name\" content=\"RBG Clinic\" \/>\n<meta property=\"article:publisher\" content=\"https:\/\/www.facebook.com\/RbgclinicDrRabago\" \/>\n<meta property=\"article:modified_time\" content=\"2025-08-27T10:53:25+00:00\" \/>\n<meta property=\"og:image\" content=\"https:\/\/rbgclinic.com\/wp-content\/uploads\/2025\/01\/endodoncias.webp\" \/>\n<meta name=\"twitter:card\" content=\"summary_large_image\" \/>\n<meta name=\"twitter:site\" content=\"@rbgclinic\" \/>\n<meta name=\"twitter:label1\" content=\"Estimated reading time\" \/>\n\t<meta name=\"twitter:data1\" content=\"2 minutes\" \/>\n<script type=\"application\/ld+json\" class=\"yoast-schema-graph\">{\"@context\":\"https:\\\/\\\/schema.org\",\"@graph\":[{\"@type\":\"WebPage\",\"@id\":\"https:\\\/\\\/rbgclinic.com\\\/tratamientos-dentales\\\/endodoncia\\\/\",\"url\":\"https:\\\/\\\/rbgclinic.com\\\/tratamientos-dentales\\\/endodoncia\\\/\",\"name\":\"Endodoncia | RBG Clinic\",\"isPartOf\":{\"@id\":\"https:\\\/\\\/rbgclinic.com\\\/#website\"},\"primaryImageOfPage\":{\"@id\":\"https:\\\/\\\/rbgclinic.com\\\/tratamientos-dentales\\\/endodoncia\\\/#primaryimage\"},\"image\":{\"@id\":\"https:\\\/\\\/rbgclinic.com\\\/tratamientos-dentales\\\/endodoncia\\\/#primaryimage\"},\"thumbnailUrl\":\"https:\\\/\\\/rbgclinic.com\\\/wp-content\\\/uploads\\\/2025\\\/01\\\/endodoncias.webp\",\"datePublished\":\"2024-12-30T14:03:40+00:00\",\"dateModified\":\"2025-08-27T10:53:25+00:00\",\"description\":\"La endodoncia es una especialidad de la odontolog\u00eda que se ocupa de la prevenci\u00f3n y tratamiento de las enfermedades de la pulpa dental.\",\"breadcrumb\":{\"@id\":\"https:\\\/\\\/rbgclinic.com\\\/tratamientos-dentales\\\/endodoncia\\\/#breadcrumb\"},\"inLanguage\":\"en-GB\",\"potentialAction\":[{\"@type\":\"ReadAction\",\"target\":[\"https:\\\/\\\/rbgclinic.com\\\/tratamientos-dentales\\\/endodoncia\\\/\"]}]},{\"@type\":\"ImageObject\",\"inLanguage\":\"en-GB\",\"@id\":\"https:\\\/\\\/rbgclinic.com\\\/tratamientos-dentales\\\/endodoncia\\\/#primaryimage\",\"url\":\"https:\\\/\\\/rbgclinic.com\\\/wp-content\\\/uploads\\\/2025\\\/01\\\/endodoncias.webp\",\"contentUrl\":\"https:\\\/\\\/rbgclinic.com\\\/wp-content\\\/uploads\\\/2025\\\/01\\\/endodoncias.webp\"},{\"@type\":\"BreadcrumbList\",\"@id\":\"https:\\\/\\\/rbgclinic.com\\\/tratamientos-dentales\\\/endodoncia\\\/#breadcrumb\",\"itemListElement\":[{\"@type\":\"ListItem\",\"position\":1,\"name\":\"Portada\",\"item\":\"https:\\\/\\\/rbgclinic.com\\\/\"},{\"@type\":\"ListItem\",\"position\":2,\"name\":\"Tratamientos dentales\",\"item\":\"https:\\\/\\\/rbgclinic.com\\\/tratamientos-dentales\\\/\"},{\"@type\":\"ListItem\",\"position\":3,\"name\":\"Endodoncia\"}]},{\"@type\":\"WebSite\",\"@id\":\"https:\\\/\\\/rbgclinic.com\\\/#website\",\"url\":\"https:\\\/\\\/rbgclinic.com\\\/\",\"name\":\"C\u00ednica dental RBG Clinic Jerez\",\"description\":\"Cl\u00ednica dental RBG Clinic Jerez | Dentista en Jerez de la Frontera\",\"publisher\":{\"@id\":\"https:\\\/\\\/rbgclinic.com\\\/#organization\"},\"alternateName\":\"Cl\u00ednica dental RBG Clinic Jerez\",\"potentialAction\":[{\"@type\":\"SearchAction\",\"target\":{\"@type\":\"EntryPoint\",\"urlTemplate\":\"https:\\\/\\\/rbgclinic.com\\\/?s={search_term_string}\"},\"query-input\":{\"@type\":\"PropertyValueSpecification\",\"valueRequired\":true,\"valueName\":\"search_term_string\"}}],\"inLanguage\":\"en-GB\"},{\"@type\":\"Organization\",\"@id\":\"https:\\\/\\\/rbgclinic.com\\\/#organization\",\"name\":\"RBG Clinic | Cl\u00ednica Dental en Jerez\",\"alternateName\":\"Cl\u00ednica dental RBG Clinic Jerez\",\"url\":\"https:\\\/\\\/rbgclinic.com\\\/\",\"logo\":{\"@type\":\"ImageObject\",\"inLanguage\":\"en-GB\",\"@id\":\"https:\\\/\\\/rbgclinic.com\\\/#\\\/schema\\\/logo\\\/image\\\/\",\"url\":\"https:\\\/\\\/rbgclinic.com\\\/wp-content\\\/uploads\\\/2025\\\/04\\\/rbg-clinica-dental-jerez.webp\",\"contentUrl\":\"https:\\\/\\\/rbgclinic.com\\\/wp-content\\\/uploads\\\/2025\\\/04\\\/rbg-clinica-dental-jerez.webp\",\"width\":1080,\"height\":1080,\"caption\":\"RBG Clinic | Cl\u00ednica Dental en Jerez\"},\"image\":{\"@id\":\"https:\\\/\\\/rbgclinic.com\\\/#\\\/schema\\\/logo\\\/image\\\/\"},\"sameAs\":[\"https:\\\/\\\/www.facebook.com\\\/RbgclinicDrRabago\",\"https:\\\/\\\/x.com\\\/rbgclinic\",\"https:\\\/\\\/www.instagram.com\\\/rbgclinic\\\/\",\"https:\\\/\\\/www.youtube.com\\\/@ClinicaDentalRBGClinicJerez\\\/\",\"https:\\\/\\\/www.doctoralia.es\\\/clinicas\\\/rbg-instituto-de-odontologia-y-cirugia-oral-dr-rabago\"]}]}<\/script>\n<!-- \/ Yoast SEO plugin. -->","yoast_head_json":{"title":"Endodoncia | RBG Clinic","description":"La endodoncia es una especialidad de la odontolog\u00eda que se ocupa de la prevenci\u00f3n y tratamiento de las enfermedades de la pulpa dental.","robots":{"index":"index","follow":"follow","max-snippet":"max-snippet:-1","max-image-preview":"max-image-preview:large","max-video-preview":"max-video-preview:-1"},"canonical":"https:\/\/rbgclinic.com\/en\/tratamientos-dentales\/endodoncia\/","og_locale":"en_GB","og_type":"article","og_title":"Endodoncia | RBG Clinic","og_description":"La endodoncia es una especialidad de la odontolog\u00eda que se ocupa de la prevenci\u00f3n y tratamiento de las enfermedades de la pulpa dental.","og_url":"https:\/\/rbgclinic.com\/en\/tratamientos-dentales\/endodoncia\/","og_site_name":"RBG Clinic","article_publisher":"https:\/\/www.facebook.com\/RbgclinicDrRabago","article_modified_time":"2025-08-27T10:53:25+00:00","og_image":[{"url":"https:\/\/rbgclinic.com\/wp-content\/uploads\/2025\/01\/endodoncias.webp","type":"","width":"","height":""}],"twitter_card":"summary_large_image","twitter_site":"@rbgclinic","twitter_misc":{"Estimated reading time":"2 minutes"},"schema":{"@context":"https:\/\/schema.org","@graph":[{"@type":"WebPage","@id":"https:\/\/rbgclinic.com\/tratamientos-dentales\/endodoncia\/","url":"https:\/\/rbgclinic.com\/tratamientos-dentales\/endodoncia\/","name":"Endodoncia | RBG Clinic","isPartOf":{"@id":"https:\/\/rbgclinic.com\/#website"},"primaryImageOfPage":{"@id":"https:\/\/rbgclinic.com\/tratamientos-dentales\/endodoncia\/#primaryimage"},"image":{"@id":"https:\/\/rbgclinic.com\/tratamientos-dentales\/endodoncia\/#primaryimage"},"thumbnailUrl":"https:\/\/rbgclinic.com\/wp-content\/uploads\/2025\/01\/endodoncias.webp","datePublished":"2024-12-30T14:03:40+00:00","dateModified":"2025-08-27T10:53:25+00:00","description":"La endodoncia es una especialidad de la odontolog\u00eda que se ocupa de la prevenci\u00f3n y tratamiento de las enfermedades de la pulpa dental.","breadcrumb":{"@id":"https:\/\/rbgclinic.com\/tratamientos-dentales\/endodoncia\/#breadcrumb"},"inLanguage":"en-GB","potentialAction":[{"@type":"ReadAction","target":["https:\/\/rbgclinic.com\/tratamientos-dentales\/endodoncia\/"]}]},{"@type":"ImageObject","inLanguage":"en-GB","@id":"https:\/\/rbgclinic.com\/tratamientos-dentales\/endodoncia\/#primaryimage","url":"https:\/\/rbgclinic.com\/wp-content\/uploads\/2025\/01\/endodoncias.webp","contentUrl":"https:\/\/rbgclinic.com\/wp-content\/uploads\/2025\/01\/endodoncias.webp"},{"@type":"BreadcrumbList","@id":"https:\/\/rbgclinic.com\/tratamientos-dentales\/endodoncia\/#breadcrumb","itemListElement":[{"@type":"ListItem","position":1,"name":"Portada","item":"https:\/\/rbgclinic.com\/"},{"@type":"ListItem","position":2,"name":"Tratamientos dentales","item":"https:\/\/rbgclinic.com\/tratamientos-dentales\/"},{"@type":"ListItem","position":3,"name":"Endodoncia"}]},{"@type":"WebSite","@id":"https:\/\/rbgclinic.com\/#website","url":"https:\/\/rbgclinic.com\/","name":"RBG Clinic Jerez dental clinic","description":"RBG Clinic Jerez | Dentist in Jerez de la Frontera","publisher":{"@id":"https:\/\/rbgclinic.com\/#organization"},"alternateName":"Cl\u00ednica dental RBG Clinic Jerez","potentialAction":[{"@type":"SearchAction","target":{"@type":"EntryPoint","urlTemplate":"https:\/\/rbgclinic.com\/?s={search_term_string}"},"query-input":{"@type":"PropertyValueSpecification","valueRequired":true,"valueName":"search_term_string"}}],"inLanguage":"en-GB"},{"@type":"Organization","@id":"https:\/\/rbgclinic.com\/#organization","name":"RBG Clinic | Dental Clinic in Jerez","alternateName":"Cl\u00ednica dental RBG Clinic Jerez","url":"https:\/\/rbgclinic.com\/","logo":{"@type":"ImageObject","inLanguage":"en-GB","@id":"https:\/\/rbgclinic.com\/#\/schema\/logo\/image\/","url":"https:\/\/rbgclinic.com\/wp-content\/uploads\/2025\/04\/rbg-clinica-dental-jerez.webp","contentUrl":"https:\/\/rbgclinic.com\/wp-content\/uploads\/2025\/04\/rbg-clinica-dental-jerez.webp","width":1080,"height":1080,"caption":"RBG Clinic | Cl\u00ednica Dental en Jerez"},"image":{"@id":"https:\/\/rbgclinic.com\/#\/schema\/logo\/image\/"},"sameAs":["https:\/\/www.facebook.com\/RbgclinicDrRabago","https:\/\/x.com\/rbgclinic","https:\/\/www.instagram.com\/rbgclinic\/","https:\/\/www.youtube.com\/@ClinicaDentalRBGClinicJerez\/","https:\/\/www.doctoralia.es\/clinicas\/rbg-instituto-de-odontologia-y-cirugia-oral-dr-rabago"]}]}},"_links":{"self":[{"href":"https:\/\/rbgclinic.com\/en\/wp-json\/wp\/v2\/pages\/658","targetHints":{"allow":["GET"]}}],"collection":[{"href":"https:\/\/rbgclinic.com\/en\/wp-json\/wp\/v2\/pages"}],"about":[{"href":"https:\/\/rbgclinic.com\/en\/wp-json\/wp\/v2\/types\/page"}],"author":[{"embeddable":true,"href":"https:\/\/rbgclinic.com\/en\/wp-json\/wp\/v2\/users\/2"}],"replies":[{"embeddable":true,"href":"https:\/\/rbgclinic.com\/en\/wp-json\/wp\/v2\/comments?post=658"}],"version-history":[{"count":0,"href":"https:\/\/rbgclinic.com\/en\/wp-json\/wp\/v2\/pages\/658\/revisions"}],"up":[{"embeddable":true,"href":"https:\/\/rbgclinic.com\/en\/wp-json\/wp\/v2\/pages\/25"}],"wp:attachment":[{"href":"https:\/\/rbgclinic.com\/en\/wp-json\/wp\/v2\/media?parent=658"}],"curies":[{"name":"wp","href":"https:\/\/api.w.org\/{rel}","templated":true}]}}