{"id":638,"date":"2024-12-30T13:23:29","date_gmt":"2024-12-30T13:23:29","guid":{"rendered":"https:\/\/rbgclinic.com\/?page_id=638"},"modified":"2025-08-27T10:56:26","modified_gmt":"2025-08-27T10:56:26","slug":"estetica-dental","status":"publish","type":"page","link":"https:\/\/rbgclinic.com\/en\/tratamientos-dentales\/estetica-dental\/","title":{"rendered":"Dental aesthetics"},"content":{"rendered":"<div data-elementor-type=\"wp-page\" data-elementor-id=\"638\" class=\"elementor elementor-638\" data-elementor-post-type=\"page\">\n\t\t\t\t<div class=\"elementor-element elementor-element-b76730c e-con-full e-flex e-con e-parent\" data-id=\"b76730c\" data-element_type=\"container\" data-e-type=\"container\" data-settings=\"{&quot;background_background&quot;:&quot;classic&quot;}\">\n\t\t<div class=\"elementor-element elementor-element-9d36d85 e-con-full e-flex e-con e-child\" data-id=\"9d36d85\" data-element_type=\"container\" data-e-type=\"container\">\n\t\t\t\t<div class=\"elementor-element elementor-element-9a04096 elementor-widget__width-initial elementor-widget elementor-widget-heading\" data-id=\"9a04096\" data-element_type=\"widget\" data-e-type=\"widget\" data-widget_type=\"heading.default\">\n\t\t\t\t<div class=\"elementor-widget-container\">\n\t\t\t\t\t<h2 class=\"elementor-heading-title elementor-size-default\">Dental aesthetics<\/h2>\t\t\t\t<\/div>\n\t\t\t\t<\/div>\n\t\t\t\t<\/div>\n\t\t<div class=\"elementor-element elementor-element-6ce616d e-con-full e-flex e-con e-child\" data-id=\"6ce616d\" data-element_type=\"container\" data-e-type=\"container\">\n\t\t\t\t<div class=\"elementor-element elementor-element-0047a1e elementor-widget__width-initial elementor-widget-tablet__width-inherit elementor-view-default elementor-widget elementor-widget-icon\" data-id=\"0047a1e\" data-element_type=\"widget\" data-e-type=\"widget\" data-widget_type=\"icon.default\">\n\t\t\t\t<div class=\"elementor-widget-container\">\n\t\t\t\t\t\t\t<div class=\"elementor-icon-wrapper\">\n\t\t\t<div class=\"elementor-icon\">\n\t\t\t<svg xmlns=\"http:\/\/www.w3.org\/2000\/svg\" width=\"136\" height=\"57\" viewbox=\"0 0 136 57\" fill=\"none\"><rect x=\"1\" y=\"1\" width=\"133.28\" height=\"55\" rx=\"27.5\" stroke=\"#0082C2\" stroke-width=\"2\"><\/rect><path d=\"M107.16 41.0393L117.8 30.3993L107.16 19.7593\" stroke=\"#0082C2\" stroke-width=\"2\"><\/path><path d=\"M31.1602 19.7601L20.5202 30.4001L31.1602 41.0401\" stroke=\"#0082C2\" stroke-width=\"2\"><\/path><path d=\"M69.1602 41.0393L69.1602 19.7593\" stroke=\"#0082C2\" stroke-width=\"2\"><\/path><\/svg>\t\t\t<\/div>\n\t\t<\/div>\n\t\t\t\t\t\t<\/div>\n\t\t\t\t<\/div>\n\t\t\t\t<div class=\"elementor-element elementor-element-32822eb elementor-widget__width-initial elementor-widget-divider--view-line elementor-widget elementor-widget-divider\" data-id=\"32822eb\" data-element_type=\"widget\" data-e-type=\"widget\" data-widget_type=\"divider.default\">\n\t\t\t\t<div class=\"elementor-widget-container\">\n\t\t\t\t\t\t\t<div class=\"elementor-divider\">\n\t\t\t<span class=\"elementor-divider-separator\">\n\t\t\t\t\t\t<\/span>\n\t\t<\/div>\n\t\t\t\t\t\t<\/div>\n\t\t\t\t<\/div>\n\t\t\t\t<div class=\"elementor-element elementor-element-594176d elementor-widget__width-initial elementor-widget elementor-widget-text-editor\" data-id=\"594176d\" data-element_type=\"widget\" data-e-type=\"widget\" data-widget_type=\"text-editor.default\">\n\t\t\t\t<div class=\"elementor-widget-container\">\n\t\t\t\t\t\t\t\t\t<p><strong>Service:<\/strong><br \/>Dental aesthetics and design<\/p><p><strong>Label:<\/strong><br \/>Perfect smile, smile design, dental veneers, dental beauty.<\/p>\t\t\t\t\t\t\t\t<\/div>\n\t\t\t\t<\/div>\n\t\t\t\t<div class=\"elementor-element elementor-element-c2eb2b5 elementor-widget__width-initial elementor-align-left elementor-tablet-align-left elementor-widget-tablet__width-inherit elementor-widget elementor-widget-button\" data-id=\"c2eb2b5\" data-element_type=\"widget\" data-e-type=\"widget\" data-widget_type=\"button.default\">\n\t\t\t\t<div class=\"elementor-widget-container\">\n\t\t\t\t\t\t\t\t\t<div class=\"elementor-button-wrapper\">\n\t\t\t\t\t<a class=\"elementor-button elementor-button-link elementor-size-sm\" href=\"https:\/\/rbgclinic.com\/en\/contacto-dentistas-jerez\/\">\n\t\t\t\t\t\t<span class=\"elementor-button-content-wrapper\">\n\t\t\t\t\t\t\t\t\t<span class=\"elementor-button-text\">Contact<\/span>\n\t\t\t\t\t<\/span>\n\t\t\t\t\t<\/a>\n\t\t\t\t<\/div>\n\t\t\t\t\t\t\t\t<\/div>\n\t\t\t\t<\/div>\n\t\t\t\t<\/div>\n\t\t<div class=\"elementor-element elementor-element-10c70b1 e-con-full e-flex e-con e-child\" data-id=\"10c70b1\" data-element_type=\"container\" data-e-type=\"container\">\n\t\t\t\t<div class=\"elementor-element elementor-element-c790e02 elementor-widget elementor-widget-image\" data-id=\"c790e02\" data-element_type=\"widget\" data-e-type=\"widget\" data-widget_type=\"image.default\">\n\t\t\t\t<div class=\"elementor-widget-container\">\n\t\t\t\t\t\t\t\t\t\t\t\t\t\t\t<img decoding=\"async\" width=\"1319\" height=\"953\" src=\"https:\/\/rbgclinic.com\/wp-content\/uploads\/2025\/01\/diseno-de-sonriss.webp\" class=\"attachment-full size-full wp-image-795\" alt=\"Dise\u00f1o de sonrisa con est\u00e9tica dental\" srcset=\"https:\/\/rbgclinic.com\/wp-content\/uploads\/2025\/01\/diseno-de-sonriss.webp 1319w, https:\/\/rbgclinic.com\/wp-content\/uploads\/2025\/01\/diseno-de-sonriss-300x217.webp 300w, https:\/\/rbgclinic.com\/wp-content\/uploads\/2025\/01\/diseno-de-sonriss-1024x740.webp 1024w, https:\/\/rbgclinic.com\/wp-content\/uploads\/2025\/01\/diseno-de-sonriss-768x555.webp 768w\" sizes=\"(max-width: 1319px) 100vw, 1319px\" \/>\t\t\t\t\t\t\t\t\t\t\t\t\t\t\t<\/div>\n\t\t\t\t<\/div>\n\t\t\t\t<div class=\"elementor-element elementor-element-9be49a7 elementor-widget__width-initial elementor-widget elementor-widget-heading\" data-id=\"9be49a7\" data-element_type=\"widget\" data-e-type=\"widget\" data-widget_type=\"heading.default\">\n\t\t\t\t<div class=\"elementor-widget-container\">\n\t\t\t\t\t<h2 class=\"elementor-heading-title elementor-size-default\">What is Digital Smile Design (DSD)?<\/h2>\t\t\t\t<\/div>\n\t\t\t\t<\/div>\n\t\t\t\t<div class=\"elementor-element elementor-element-7329c74 elementor-widget__width-initial elementor-widget elementor-widget-text-editor\" data-id=\"7329c74\" data-element_type=\"widget\" data-e-type=\"widget\" data-widget_type=\"text-editor.default\">\n\t\t\t\t<div class=\"elementor-widget-container\">\n\t\t\t\t\t\t\t\t\t<p>Digital Smile Design (DSD) is an innovative system that allows each patient&#039;s ideal smile to be designed taking into account their unique facial characteristics.<\/p><p>In this process, we use photos of the patient to carry out a fully personalized aesthetic, facial and dental study. From this information, we use a computerized system that generates a digitalized design of the ideal smile, which the patient can visualize at the time.<\/p>\t\t\t\t\t\t\t\t<\/div>\n\t\t\t\t<\/div>\n\t\t<div class=\"elementor-element elementor-element-66a723a e-con-full e-flex e-con e-child\" data-id=\"66a723a\" data-element_type=\"container\" data-e-type=\"container\">\n\t\t\t\t<div class=\"elementor-element elementor-element-c1451fa elementor-widget__width-initial elementor-widget elementor-widget-text-editor\" data-id=\"c1451fa\" data-element_type=\"widget\" data-e-type=\"widget\" data-widget_type=\"text-editor.default\">\n\t\t\t\t<div class=\"elementor-widget-container\">\n\t\t\t\t\t\t\t\t\t<p>\u201cDigital Smile Design combines technology and aesthetics to transform smiles with precision and naturalness.\u201d<\/p><p>\u201cSeeing your ideal smile before starting treatment is no longer a dream, it is a reality with Digital Smile Design.\u201d<\/p>\t\t\t\t\t\t\t\t<\/div>\n\t\t\t\t<\/div>\n\t\t\t\t<\/div>\n\t\t\t\t<div class=\"elementor-element elementor-element-d487fad elementor-widget__width-initial elementor-widget elementor-widget-heading\" data-id=\"d487fad\" data-element_type=\"widget\" data-e-type=\"widget\" data-widget_type=\"heading.default\">\n\t\t\t\t<div class=\"elementor-widget-container\">\n\t\t\t\t\t<h2 class=\"elementor-heading-title elementor-size-default\">Direct design test, free of charge and in a single appointment<\/h2>\t\t\t\t<\/div>\n\t\t\t\t<\/div>\n\t\t\t\t<div class=\"elementor-element elementor-element-ac80501 elementor-widget__width-initial elementor-widget elementor-widget-text-editor\" data-id=\"ac80501\" data-element_type=\"widget\" data-e-type=\"widget\" data-widget_type=\"text-editor.default\">\n\t\t\t\t<div class=\"elementor-widget-container\">\n\t\t\t\t\t\t\t\t\t<p>One of the most interesting features of Digital Smile Design is that the patient can try this design directly in his or her mouth, without altering any teeth and in a single appointment. In addition, this test is free of charge.<\/p><p>In other words, our patients have the opportunity to visualize what their ideal smile and teeth would look like in a direct and tangible way thanks to digital design technology.<\/p>\t\t\t\t\t\t\t\t<\/div>\n\t\t\t\t<\/div>\n\t\t\t\t<\/div>\n\t\t\t\t<\/div>\n\t\t<div class=\"elementor-element elementor-element-f36e48b e-flex e-con-boxed e-con e-parent\" data-id=\"f36e48b\" data-element_type=\"container\" data-e-type=\"container\" data-settings=\"{&quot;background_background&quot;:&quot;classic&quot;}\">\n\t\t\t\t\t<div class=\"e-con-inner\">\n\t\t<div class=\"elementor-element elementor-element-6095719 e-con-full e-flex e-con e-child\" data-id=\"6095719\" data-element_type=\"container\" data-e-type=\"container\">\n\t\t\t\t<div class=\"elementor-element elementor-element-da3fc69 elementor-widget__width-initial elementor-widget elementor-widget-text-editor\" data-id=\"da3fc69\" data-element_type=\"widget\" data-e-type=\"widget\" data-widget_type=\"text-editor.default\">\n\t\t\t\t<div class=\"elementor-widget-container\">\n\t\t\t\t\t\t\t\t\t<p><b>Schedule your first consultation today!<\/b><\/p>\t\t\t\t\t\t\t\t<\/div>\n\t\t\t\t<\/div>\n\t\t\t\t<div class=\"elementor-element elementor-element-ebc230a elementor-widget__width-initial elementor-widget elementor-widget-heading\" data-id=\"ebc230a\" data-element_type=\"widget\" data-e-type=\"widget\" data-widget_type=\"heading.default\">\n\t\t\t\t<div class=\"elementor-widget-container\">\n\t\t\t\t\t<h2 class=\"elementor-heading-title elementor-size-default\">Take the first step to a healthy smile.<\/h2>\t\t\t\t<\/div>\n\t\t\t\t<\/div>\n\t\t\t\t<\/div>\n\t\t\t\t<div class=\"elementor-element elementor-element-a44af92 elementor-widget__width-initial elementor-widget-mobile__width-inherit elementor-widget elementor-widget-heading\" data-id=\"a44af92\" data-element_type=\"widget\" data-e-type=\"widget\" data-widget_type=\"heading.default\">\n\t\t\t\t<div class=\"elementor-widget-container\">\n\t\t\t\t\t<h2 class=\"elementor-heading-title elementor-size-default\">First consultation free<\/h2>\t\t\t\t<\/div>\n\t\t\t\t<\/div>\n\t\t<div class=\"elementor-element elementor-element-fe18a56 e-con-full e-flex e-con e-child\" data-id=\"fe18a56\" data-element_type=\"container\" data-e-type=\"container\">\n\t\t\t\t<div class=\"elementor-element elementor-element-11fa6e9 elementor-widget__width-initial elementor-widget elementor-widget-text-editor\" data-id=\"11fa6e9\" data-element_type=\"widget\" data-e-type=\"widget\" data-widget_type=\"text-editor.default\">\n\t\t\t\t<div class=\"elementor-widget-container\">\n\t\t\t\t\t\t\t\t\t<p>Discover a new experience in <strong>dental care<\/strong> with our <strong>first consultation<\/strong> and fully diagnosed <strong>gratuitous <\/strong>for new patients.<\/p>\t\t\t\t\t\t\t\t<\/div>\n\t\t\t\t<\/div>\n\t\t\t\t<div class=\"elementor-element elementor-element-4b14a54 elementor-align-justify elementor-widget__width-initial elementor-widget elementor-widget-button\" data-id=\"4b14a54\" data-element_type=\"widget\" data-e-type=\"widget\" data-widget_type=\"button.default\">\n\t\t\t\t<div class=\"elementor-widget-container\">\n\t\t\t\t\t\t\t\t\t<div class=\"elementor-button-wrapper\">\n\t\t\t\t\t<a class=\"elementor-button elementor-button-link elementor-size-sm\" href=\"https:\/\/api.whatsapp.com\/send?phone=34661766827&#038;text=%C2%A1Hola!%20Estoy%20interesado\/a%20en%20solicitar%20una%20primera%20consulta\">\n\t\t\t\t\t\t<span class=\"elementor-button-content-wrapper\">\n\t\t\t\t\t\t<span class=\"elementor-button-icon\">\n\t\t\t\t<svg aria-hidden=\"true\" class=\"e-font-icon-svg e-fab-whatsapp\" viewbox=\"0 0 448 512\" xmlns=\"http:\/\/www.w3.org\/2000\/svg\"><path d=\"M380.9 97.1C339 55.1 283.2 32 223.9 32c-122.4 0-222 99.6-222 222 0 39.1 10.2 77.3 29.6 111L0 480l117.7-30.9c32.4 17.7 68.9 27 106.1 27h.1c122.3 0 224.1-99.6 224.1-222 0-59.3-25.2-115-67.1-157zm-157 341.6c-33.2 0-65.7-8.9-94-25.7l-6.7-4-69.8 18.3L72 359.2l-4.4-7c-18.5-29.4-28.2-63.3-28.2-98.2 0-101.7 82.8-184.5 184.6-184.5 49.3 0 95.6 19.2 130.4 54.1 34.8 34.9 56.2 81.2 56.1 130.5 0 101.8-84.9 184.6-186.6 184.6zm101.2-138.2c-5.5-2.8-32.8-16.2-37.9-18-5.1-1.9-8.8-2.8-12.5 2.8-3.7 5.6-14.3 18-17.6 21.8-3.2 3.7-6.5 4.2-12 1.4-32.6-16.3-54-29.1-75.5-66-5.7-9.8 5.7-9.1 16.3-30.3 1.8-3.7.9-6.9-.5-9.7-1.4-2.8-12.5-30.1-17.1-41.2-4.5-10.8-9.1-9.3-12.5-9.5-3.2-.2-6.9-.2-10.6-.2-3.7 0-9.7 1.4-14.8 6.9-5.1 5.6-19.4 19-19.4 46.3 0 27.3 19.9 53.7 22.6 57.4 2.8 3.7 39.1 59.7 94.8 83.8 35.2 15.2 49 16.5 66.6 13.9 10.7-1.6 32.8-13.4 37.4-26.4 4.6-13 4.6-24.1 3.2-26.4-1.3-2.5-5-3.9-10.5-6.6z\"><\/path><\/svg>\t\t\t<\/span>\n\t\t\t\t\t\t\t\t\t<span class=\"elementor-button-text\">Free consultation<\/span>\n\t\t\t\t\t<\/span>\n\t\t\t\t\t<\/a>\n\t\t\t\t<\/div>\n\t\t\t\t\t\t\t\t<\/div>\n\t\t\t\t<\/div>\n\t\t\t\t<\/div>\n\t\t\t\t\t<\/div>\n\t\t\t\t<\/div>\n\t\t\t\t<\/div>","protected":false},"excerpt":{"rendered":"<p>Est\u00e9tica dental Servicio:Est\u00e9tica dental y dise\u00f1o Etiqueta:Sonrisa perfecta, dise\u00f1o de sonrisa, carillas dentales, belleza dental. Contactar \u00bfQu\u00e9 es el Dise\u00f1o Digital de Sonrisa(DSD)? El Dise\u00f1o Digital de Sonrisa (DSD), conocido como Digital Smile Design, es un innovador sistema que permite dise\u00f1ar la sonrisa ideal de cada paciente teniendo en cuenta sus caracter\u00edsticas faciales \u00fanicas. En [&hellip;]<\/p>\n","protected":false},"author":2,"featured_media":0,"parent":25,"menu_order":0,"comment_status":"closed","ping_status":"closed","template":"","meta":{"footnotes":""},"class_list":["post-638","page","type-page","status-publish","hentry"],"yoast_head":"<!-- This site is optimized with the Yoast SEO plugin v27.4 - https:\/\/yoast.com\/product\/yoast-seo-wordpress\/ -->\n<title>Est\u00e9tica dental | RBG Clinic<\/title>\n<meta name=\"description\" content=\"El Dise\u00f1o Digital de Sonrisa es un innovador sistema, permite dise\u00f1ar la sonrisa ideal de cada paciente teniendo en cuenta sus caracter\u00edsticas faciales.\" \/>\n<meta name=\"robots\" content=\"index, follow, max-snippet:-1, max-image-preview:large, max-video-preview:-1\" \/>\n<link rel=\"canonical\" href=\"https:\/\/rbgclinic.com\/en\/tratamientos-dentales\/estetica-dental\/\" \/>\n<meta property=\"og:locale\" content=\"en_GB\" \/>\n<meta property=\"og:type\" content=\"article\" \/>\n<meta property=\"og:title\" content=\"Est\u00e9tica dental | RBG Clinic\" \/>\n<meta property=\"og:description\" content=\"El Dise\u00f1o Digital de Sonrisa es un innovador sistema, permite dise\u00f1ar la sonrisa ideal de cada paciente teniendo en cuenta sus caracter\u00edsticas faciales.\" \/>\n<meta property=\"og:url\" content=\"https:\/\/rbgclinic.com\/en\/tratamientos-dentales\/estetica-dental\/\" \/>\n<meta property=\"og:site_name\" content=\"RBG Clinic\" \/>\n<meta property=\"article:publisher\" content=\"https:\/\/www.facebook.com\/RbgclinicDrRabago\" \/>\n<meta property=\"article:modified_time\" content=\"2025-08-27T10:56:26+00:00\" \/>\n<meta property=\"og:image\" content=\"https:\/\/rbgclinic.com\/wp-content\/uploads\/2025\/01\/diseno-de-sonriss.webp\" \/>\n<meta name=\"twitter:card\" content=\"summary_large_image\" \/>\n<meta name=\"twitter:site\" content=\"@rbgclinic\" \/>\n<meta name=\"twitter:label1\" content=\"Estimated reading time\" \/>\n\t<meta name=\"twitter:data1\" content=\"2 minutes\" \/>\n<script type=\"application\/ld+json\" class=\"yoast-schema-graph\">{\"@context\":\"https:\\\/\\\/schema.org\",\"@graph\":[{\"@type\":\"WebPage\",\"@id\":\"https:\\\/\\\/rbgclinic.com\\\/tratamientos-dentales\\\/estetica-dental\\\/\",\"url\":\"https:\\\/\\\/rbgclinic.com\\\/tratamientos-dentales\\\/estetica-dental\\\/\",\"name\":\"Est\u00e9tica dental | RBG Clinic\",\"isPartOf\":{\"@id\":\"https:\\\/\\\/rbgclinic.com\\\/#website\"},\"primaryImageOfPage\":{\"@id\":\"https:\\\/\\\/rbgclinic.com\\\/tratamientos-dentales\\\/estetica-dental\\\/#primaryimage\"},\"image\":{\"@id\":\"https:\\\/\\\/rbgclinic.com\\\/tratamientos-dentales\\\/estetica-dental\\\/#primaryimage\"},\"thumbnailUrl\":\"https:\\\/\\\/rbgclinic.com\\\/wp-content\\\/uploads\\\/2025\\\/01\\\/diseno-de-sonriss.webp\",\"datePublished\":\"2024-12-30T13:23:29+00:00\",\"dateModified\":\"2025-08-27T10:56:26+00:00\",\"description\":\"El Dise\u00f1o Digital de Sonrisa es un innovador sistema, permite dise\u00f1ar la sonrisa ideal de cada paciente teniendo en cuenta sus caracter\u00edsticas faciales.\",\"breadcrumb\":{\"@id\":\"https:\\\/\\\/rbgclinic.com\\\/tratamientos-dentales\\\/estetica-dental\\\/#breadcrumb\"},\"inLanguage\":\"en-GB\",\"potentialAction\":[{\"@type\":\"ReadAction\",\"target\":[\"https:\\\/\\\/rbgclinic.com\\\/tratamientos-dentales\\\/estetica-dental\\\/\"]}]},{\"@type\":\"ImageObject\",\"inLanguage\":\"en-GB\",\"@id\":\"https:\\\/\\\/rbgclinic.com\\\/tratamientos-dentales\\\/estetica-dental\\\/#primaryimage\",\"url\":\"https:\\\/\\\/rbgclinic.com\\\/wp-content\\\/uploads\\\/2025\\\/01\\\/diseno-de-sonriss.webp\",\"contentUrl\":\"https:\\\/\\\/rbgclinic.com\\\/wp-content\\\/uploads\\\/2025\\\/01\\\/diseno-de-sonriss.webp\"},{\"@type\":\"BreadcrumbList\",\"@id\":\"https:\\\/\\\/rbgclinic.com\\\/tratamientos-dentales\\\/estetica-dental\\\/#breadcrumb\",\"itemListElement\":[{\"@type\":\"ListItem\",\"position\":1,\"name\":\"Portada\",\"item\":\"https:\\\/\\\/rbgclinic.com\\\/\"},{\"@type\":\"ListItem\",\"position\":2,\"name\":\"Tratamientos dentales\",\"item\":\"https:\\\/\\\/rbgclinic.com\\\/tratamientos-dentales\\\/\"},{\"@type\":\"ListItem\",\"position\":3,\"name\":\"Est\u00e9tica dental\"}]},{\"@type\":\"WebSite\",\"@id\":\"https:\\\/\\\/rbgclinic.com\\\/#website\",\"url\":\"https:\\\/\\\/rbgclinic.com\\\/\",\"name\":\"C\u00ednica dental RBG Clinic Jerez\",\"description\":\"Cl\u00ednica dental RBG Clinic Jerez | Dentista en Jerez de la Frontera\",\"publisher\":{\"@id\":\"https:\\\/\\\/rbgclinic.com\\\/#organization\"},\"alternateName\":\"Cl\u00ednica dental RBG Clinic Jerez\",\"potentialAction\":[{\"@type\":\"SearchAction\",\"target\":{\"@type\":\"EntryPoint\",\"urlTemplate\":\"https:\\\/\\\/rbgclinic.com\\\/?s={search_term_string}\"},\"query-input\":{\"@type\":\"PropertyValueSpecification\",\"valueRequired\":true,\"valueName\":\"search_term_string\"}}],\"inLanguage\":\"en-GB\"},{\"@type\":\"Organization\",\"@id\":\"https:\\\/\\\/rbgclinic.com\\\/#organization\",\"name\":\"RBG Clinic | Cl\u00ednica Dental en Jerez\",\"alternateName\":\"Cl\u00ednica dental RBG Clinic Jerez\",\"url\":\"https:\\\/\\\/rbgclinic.com\\\/\",\"logo\":{\"@type\":\"ImageObject\",\"inLanguage\":\"en-GB\",\"@id\":\"https:\\\/\\\/rbgclinic.com\\\/#\\\/schema\\\/logo\\\/image\\\/\",\"url\":\"https:\\\/\\\/rbgclinic.com\\\/wp-content\\\/uploads\\\/2025\\\/04\\\/rbg-clinica-dental-jerez.webp\",\"contentUrl\":\"https:\\\/\\\/rbgclinic.com\\\/wp-content\\\/uploads\\\/2025\\\/04\\\/rbg-clinica-dental-jerez.webp\",\"width\":1080,\"height\":1080,\"caption\":\"RBG Clinic | Cl\u00ednica Dental en Jerez\"},\"image\":{\"@id\":\"https:\\\/\\\/rbgclinic.com\\\/#\\\/schema\\\/logo\\\/image\\\/\"},\"sameAs\":[\"https:\\\/\\\/www.facebook.com\\\/RbgclinicDrRabago\",\"https:\\\/\\\/x.com\\\/rbgclinic\",\"https:\\\/\\\/www.instagram.com\\\/rbgclinic\\\/\",\"https:\\\/\\\/www.youtube.com\\\/@ClinicaDentalRBGClinicJerez\\\/\",\"https:\\\/\\\/www.doctoralia.es\\\/clinicas\\\/rbg-instituto-de-odontologia-y-cirugia-oral-dr-rabago\"]}]}<\/script>\n<!-- \/ Yoast SEO plugin. -->","yoast_head_json":{"title":"Est\u00e9tica dental | RBG Clinic","description":"El Dise\u00f1o Digital de Sonrisa es un innovador sistema, permite dise\u00f1ar la sonrisa ideal de cada paciente teniendo en cuenta sus caracter\u00edsticas faciales.","robots":{"index":"index","follow":"follow","max-snippet":"max-snippet:-1","max-image-preview":"max-image-preview:large","max-video-preview":"max-video-preview:-1"},"canonical":"https:\/\/rbgclinic.com\/en\/tratamientos-dentales\/estetica-dental\/","og_locale":"en_GB","og_type":"article","og_title":"Est\u00e9tica dental | RBG Clinic","og_description":"El Dise\u00f1o Digital de Sonrisa es un innovador sistema, permite dise\u00f1ar la sonrisa ideal de cada paciente teniendo en cuenta sus caracter\u00edsticas faciales.","og_url":"https:\/\/rbgclinic.com\/en\/tratamientos-dentales\/estetica-dental\/","og_site_name":"RBG Clinic","article_publisher":"https:\/\/www.facebook.com\/RbgclinicDrRabago","article_modified_time":"2025-08-27T10:56:26+00:00","og_image":[{"url":"https:\/\/rbgclinic.com\/wp-content\/uploads\/2025\/01\/diseno-de-sonriss.webp","type":"","width":"","height":""}],"twitter_card":"summary_large_image","twitter_site":"@rbgclinic","twitter_misc":{"Estimated reading time":"2 minutes"},"schema":{"@context":"https:\/\/schema.org","@graph":[{"@type":"WebPage","@id":"https:\/\/rbgclinic.com\/tratamientos-dentales\/estetica-dental\/","url":"https:\/\/rbgclinic.com\/tratamientos-dentales\/estetica-dental\/","name":"Est\u00e9tica dental | RBG Clinic","isPartOf":{"@id":"https:\/\/rbgclinic.com\/#website"},"primaryImageOfPage":{"@id":"https:\/\/rbgclinic.com\/tratamientos-dentales\/estetica-dental\/#primaryimage"},"image":{"@id":"https:\/\/rbgclinic.com\/tratamientos-dentales\/estetica-dental\/#primaryimage"},"thumbnailUrl":"https:\/\/rbgclinic.com\/wp-content\/uploads\/2025\/01\/diseno-de-sonriss.webp","datePublished":"2024-12-30T13:23:29+00:00","dateModified":"2025-08-27T10:56:26+00:00","description":"El Dise\u00f1o Digital de Sonrisa es un innovador sistema, permite dise\u00f1ar la sonrisa ideal de cada paciente teniendo en cuenta sus caracter\u00edsticas faciales.","breadcrumb":{"@id":"https:\/\/rbgclinic.com\/tratamientos-dentales\/estetica-dental\/#breadcrumb"},"inLanguage":"en-GB","potentialAction":[{"@type":"ReadAction","target":["https:\/\/rbgclinic.com\/tratamientos-dentales\/estetica-dental\/"]}]},{"@type":"ImageObject","inLanguage":"en-GB","@id":"https:\/\/rbgclinic.com\/tratamientos-dentales\/estetica-dental\/#primaryimage","url":"https:\/\/rbgclinic.com\/wp-content\/uploads\/2025\/01\/diseno-de-sonriss.webp","contentUrl":"https:\/\/rbgclinic.com\/wp-content\/uploads\/2025\/01\/diseno-de-sonriss.webp"},{"@type":"BreadcrumbList","@id":"https:\/\/rbgclinic.com\/tratamientos-dentales\/estetica-dental\/#breadcrumb","itemListElement":[{"@type":"ListItem","position":1,"name":"Portada","item":"https:\/\/rbgclinic.com\/"},{"@type":"ListItem","position":2,"name":"Tratamientos dentales","item":"https:\/\/rbgclinic.com\/tratamientos-dentales\/"},{"@type":"ListItem","position":3,"name":"Est\u00e9tica dental"}]},{"@type":"WebSite","@id":"https:\/\/rbgclinic.com\/#website","url":"https:\/\/rbgclinic.com\/","name":"RBG Clinic Jerez dental clinic","description":"RBG Clinic Jerez | Dentist in Jerez de la Frontera","publisher":{"@id":"https:\/\/rbgclinic.com\/#organization"},"alternateName":"Cl\u00ednica dental RBG Clinic Jerez","potentialAction":[{"@type":"SearchAction","target":{"@type":"EntryPoint","urlTemplate":"https:\/\/rbgclinic.com\/?s={search_term_string}"},"query-input":{"@type":"PropertyValueSpecification","valueRequired":true,"valueName":"search_term_string"}}],"inLanguage":"en-GB"},{"@type":"Organization","@id":"https:\/\/rbgclinic.com\/#organization","name":"RBG Clinic | Dental Clinic in Jerez","alternateName":"Cl\u00ednica dental RBG Clinic Jerez","url":"https:\/\/rbgclinic.com\/","logo":{"@type":"ImageObject","inLanguage":"en-GB","@id":"https:\/\/rbgclinic.com\/#\/schema\/logo\/image\/","url":"https:\/\/rbgclinic.com\/wp-content\/uploads\/2025\/04\/rbg-clinica-dental-jerez.webp","contentUrl":"https:\/\/rbgclinic.com\/wp-content\/uploads\/2025\/04\/rbg-clinica-dental-jerez.webp","width":1080,"height":1080,"caption":"RBG Clinic | Cl\u00ednica Dental en Jerez"},"image":{"@id":"https:\/\/rbgclinic.com\/#\/schema\/logo\/image\/"},"sameAs":["https:\/\/www.facebook.com\/RbgclinicDrRabago","https:\/\/x.com\/rbgclinic","https:\/\/www.instagram.com\/rbgclinic\/","https:\/\/www.youtube.com\/@ClinicaDentalRBGClinicJerez\/","https:\/\/www.doctoralia.es\/clinicas\/rbg-instituto-de-odontologia-y-cirugia-oral-dr-rabago"]}]}},"_links":{"self":[{"href":"https:\/\/rbgclinic.com\/en\/wp-json\/wp\/v2\/pages\/638","targetHints":{"allow":["GET"]}}],"collection":[{"href":"https:\/\/rbgclinic.com\/en\/wp-json\/wp\/v2\/pages"}],"about":[{"href":"https:\/\/rbgclinic.com\/en\/wp-json\/wp\/v2\/types\/page"}],"author":[{"embeddable":true,"href":"https:\/\/rbgclinic.com\/en\/wp-json\/wp\/v2\/users\/2"}],"replies":[{"embeddable":true,"href":"https:\/\/rbgclinic.com\/en\/wp-json\/wp\/v2\/comments?post=638"}],"version-history":[{"count":0,"href":"https:\/\/rbgclinic.com\/en\/wp-json\/wp\/v2\/pages\/638\/revisions"}],"up":[{"embeddable":true,"href":"https:\/\/rbgclinic.com\/en\/wp-json\/wp\/v2\/pages\/25"}],"wp:attachment":[{"href":"https:\/\/rbgclinic.com\/en\/wp-json\/wp\/v2\/media?parent=638"}],"curies":[{"name":"wp","href":"https:\/\/api.w.org\/{rel}","templated":true}]}}