{"id":626,"date":"2024-12-30T13:11:36","date_gmt":"2024-12-30T13:11:36","guid":{"rendered":"https:\/\/rbgclinic.com\/?page_id=626"},"modified":"2025-08-27T11:07:28","modified_gmt":"2025-08-27T11:07:28","slug":"periodoncia","status":"publish","type":"page","link":"https:\/\/rbgclinic.com\/en\/tratamientos-dentales\/periodoncia\/","title":{"rendered":"Periodontics"},"content":{"rendered":"<div data-elementor-type=\"wp-page\" data-elementor-id=\"626\" class=\"elementor elementor-626\" data-elementor-post-type=\"page\">\n\t\t\t\t<div class=\"elementor-element elementor-element-5949fd3 e-con-full e-flex e-con e-parent\" data-id=\"5949fd3\" data-element_type=\"container\" data-e-type=\"container\" data-settings=\"{&quot;background_background&quot;:&quot;classic&quot;}\">\n\t\t<div class=\"elementor-element elementor-element-e7e235e e-con-full e-flex e-con e-child\" data-id=\"e7e235e\" data-element_type=\"container\" data-e-type=\"container\">\n\t\t\t\t<div class=\"elementor-element elementor-element-7f2c358 elementor-widget__width-initial elementor-widget elementor-widget-heading\" data-id=\"7f2c358\" data-element_type=\"widget\" data-e-type=\"widget\" data-widget_type=\"heading.default\">\n\t\t\t\t<div class=\"elementor-widget-container\">\n\t\t\t\t\t<h1 class=\"elementor-heading-title elementor-size-default\">Periodontics<\/h1>\t\t\t\t<\/div>\n\t\t\t\t<\/div>\n\t\t\t\t<\/div>\n\t\t<div class=\"elementor-element elementor-element-ec6e3ee e-con-full e-flex e-con e-child\" data-id=\"ec6e3ee\" data-element_type=\"container\" data-e-type=\"container\">\n\t\t\t\t<div class=\"elementor-element elementor-element-6a7069f elementor-widget__width-initial elementor-widget-tablet__width-inherit elementor-view-default elementor-widget elementor-widget-icon\" data-id=\"6a7069f\" data-element_type=\"widget\" data-e-type=\"widget\" data-widget_type=\"icon.default\">\n\t\t\t\t<div class=\"elementor-widget-container\">\n\t\t\t\t\t\t\t<div class=\"elementor-icon-wrapper\">\n\t\t\t<div class=\"elementor-icon\">\n\t\t\t<svg xmlns=\"http:\/\/www.w3.org\/2000\/svg\" width=\"136\" height=\"57\" viewbox=\"0 0 136 57\" fill=\"none\"><rect x=\"1\" y=\"1\" width=\"133.28\" height=\"55\" rx=\"27.5\" stroke=\"#0082C2\" stroke-width=\"2\"><\/rect><path d=\"M107.16 41.0393L117.8 30.3993L107.16 19.7593\" stroke=\"#0082C2\" stroke-width=\"2\"><\/path><path d=\"M31.1602 19.7601L20.5202 30.4001L31.1602 41.0401\" stroke=\"#0082C2\" stroke-width=\"2\"><\/path><path d=\"M69.1602 41.0393L69.1602 19.7593\" stroke=\"#0082C2\" stroke-width=\"2\"><\/path><\/svg>\t\t\t<\/div>\n\t\t<\/div>\n\t\t\t\t\t\t<\/div>\n\t\t\t\t<\/div>\n\t\t\t\t<div class=\"elementor-element elementor-element-3368436 elementor-widget__width-initial elementor-widget-divider--view-line elementor-widget elementor-widget-divider\" data-id=\"3368436\" data-element_type=\"widget\" data-e-type=\"widget\" data-widget_type=\"divider.default\">\n\t\t\t\t<div class=\"elementor-widget-container\">\n\t\t\t\t\t\t\t<div class=\"elementor-divider\">\n\t\t\t<span class=\"elementor-divider-separator\">\n\t\t\t\t\t\t<\/span>\n\t\t<\/div>\n\t\t\t\t\t\t<\/div>\n\t\t\t\t<\/div>\n\t\t\t\t<div class=\"elementor-element elementor-element-5a85340 elementor-widget__width-initial elementor-widget elementor-widget-text-editor\" data-id=\"5a85340\" data-element_type=\"widget\" data-e-type=\"widget\" data-widget_type=\"text-editor.default\">\n\t\t\t\t<div class=\"elementor-widget-container\">\n\t\t\t\t\t\t\t\t\t<p><strong>Service:<\/strong><br \/>Periodontics<\/p><p><strong>Tags:<\/strong><br \/>Gum health, periodontal care, healthy gums, gum treatments, cared for gums.<\/p>\t\t\t\t\t\t\t\t<\/div>\n\t\t\t\t<\/div>\n\t\t\t\t<div class=\"elementor-element elementor-element-e827230 elementor-widget__width-initial elementor-align-left elementor-tablet-align-left elementor-widget-tablet__width-inherit elementor-widget elementor-widget-button\" data-id=\"e827230\" data-element_type=\"widget\" data-e-type=\"widget\" data-widget_type=\"button.default\">\n\t\t\t\t<div class=\"elementor-widget-container\">\n\t\t\t\t\t\t\t\t\t<div class=\"elementor-button-wrapper\">\n\t\t\t\t\t<a class=\"elementor-button elementor-button-link elementor-size-sm\" href=\"#\">\n\t\t\t\t\t\t<span class=\"elementor-button-content-wrapper\">\n\t\t\t\t\t\t\t\t\t<span class=\"elementor-button-text\">Contact<\/span>\n\t\t\t\t\t<\/span>\n\t\t\t\t\t<\/a>\n\t\t\t\t<\/div>\n\t\t\t\t\t\t\t\t<\/div>\n\t\t\t\t<\/div>\n\t\t\t\t<\/div>\n\t\t<div class=\"elementor-element elementor-element-0dc4e37 e-con-full e-flex e-con e-child\" data-id=\"0dc4e37\" data-element_type=\"container\" data-e-type=\"container\">\n\t\t\t\t<div class=\"elementor-element elementor-element-a44cc08 elementor-widget elementor-widget-image\" data-id=\"a44cc08\" data-element_type=\"widget\" data-e-type=\"widget\" data-widget_type=\"image.default\">\n\t\t\t\t<div class=\"elementor-widget-container\">\n\t\t\t\t\t\t\t\t\t\t\t\t\t\t\t<img decoding=\"async\" width=\"1320\" height=\"954\" src=\"https:\/\/rbgclinic.com\/wp-content\/uploads\/2025\/01\/periodoncia.webp\" class=\"attachment-full size-full wp-image-769\" alt=\"Tratamientos de periodoncia en la cl\u00ednica RBG\" srcset=\"https:\/\/rbgclinic.com\/wp-content\/uploads\/2025\/01\/periodoncia.webp 1320w, https:\/\/rbgclinic.com\/wp-content\/uploads\/2025\/01\/periodoncia-300x217.webp 300w, https:\/\/rbgclinic.com\/wp-content\/uploads\/2025\/01\/periodoncia-1024x740.webp 1024w, https:\/\/rbgclinic.com\/wp-content\/uploads\/2025\/01\/periodoncia-768x555.webp 768w\" sizes=\"(max-width: 1320px) 100vw, 1320px\" \/>\t\t\t\t\t\t\t\t\t\t\t\t\t\t\t<\/div>\n\t\t\t\t<\/div>\n\t\t\t\t<div class=\"elementor-element elementor-element-f9ea89b elementor-widget__width-initial elementor-widget elementor-widget-heading\" data-id=\"f9ea89b\" data-element_type=\"widget\" data-e-type=\"widget\" data-widget_type=\"heading.default\">\n\t\t\t\t<div class=\"elementor-widget-container\">\n\t\t\t\t\t<h2 class=\"elementor-heading-title elementor-size-default\">What is periodontics?<\/h2>\t\t\t\t<\/div>\n\t\t\t\t<\/div>\n\t\t\t\t<div class=\"elementor-element elementor-element-b071f43 elementor-widget__width-initial elementor-widget elementor-widget-text-editor\" data-id=\"b071f43\" data-element_type=\"widget\" data-e-type=\"widget\" data-widget_type=\"text-editor.default\">\n\t\t\t\t<div class=\"elementor-widget-container\">\n\t\t\t\t\t\t\t\t\t<p>Periodontology is a specialty of dentistry dedicated to the prevention, diagnosis and treatment of periodontal diseases, which affect the gums and supporting tissues of the teeth.<\/p><p>The most common signs of these diseases include inflammation, redness and bleeding when brushing, as well as gum retraction, mobility or separation of teeth, sensation of &quot;longer teeth&quot;, bad breath, among others.<\/p><p>It is crucial to treat these pathologies as soon as possible, since their evolution can lead to the destruction of the bone that supports the teeth. If you have detected any of these signs, at RBG-CLINIC we are here to advise you and provide you with the appropriate treatment.<\/p>\t\t\t\t\t\t\t\t<\/div>\n\t\t\t\t<\/div>\n\t\t<div class=\"elementor-element elementor-element-c43d11a e-con-full e-flex e-con e-child\" data-id=\"c43d11a\" data-element_type=\"container\" data-e-type=\"container\">\n\t\t\t\t<div class=\"elementor-element elementor-element-3ecdb09 elementor-widget__width-initial elementor-widget elementor-widget-text-editor\" data-id=\"3ecdb09\" data-element_type=\"widget\" data-e-type=\"widget\" data-widget_type=\"text-editor.default\">\n\t\t\t\t<div class=\"elementor-widget-container\">\n\t\t\t\t\t\t\t\t\t<p>\u201cPeriodontal diseases not only affect the gums, they also compromise the general health of our body.\u201d<\/p>\t\t\t\t\t\t\t\t<\/div>\n\t\t\t\t<\/div>\n\t\t\t\t<\/div>\n\t\t\t\t<div class=\"elementor-element elementor-element-0c0c5b4 elementor-widget__width-initial elementor-widget elementor-widget-heading\" data-id=\"0c0c5b4\" data-element_type=\"widget\" data-e-type=\"widget\" data-widget_type=\"heading.default\">\n\t\t\t\t<div class=\"elementor-widget-container\">\n\t\t\t\t\t<h2 class=\"elementor-heading-title elementor-size-default\">What are periodontal diseases?<\/h2>\t\t\t\t<\/div>\n\t\t\t\t<\/div>\n\t\t\t\t<div class=\"elementor-element elementor-element-90e97ad elementor-widget__width-initial elementor-widget elementor-widget-text-editor\" data-id=\"90e97ad\" data-element_type=\"widget\" data-e-type=\"widget\" data-widget_type=\"text-editor.default\">\n\t\t\t\t<div class=\"elementor-widget-container\">\n\t\t\t\t\t\t\t\t\t<p>Periodontal diseases are pathologies that affect the periodontium, the area surrounding the tooth, composed of the gum, the alveolar bone, the root cementum, the periodontal ligament and the root of the tooth.<\/p><p>These diseases appear when the tissues that support the teeth become inflamed due to the continuous deposit of bacteria, known as plaque. In Spain, it is estimated that approximately 85% of people over 35 years of age suffer from some form of periodontal disease.<\/p><p>Within gum diseases, we distinguish two main phases:<\/p><ul><li>Gingivitis: This is superficial inflammation of the gums. Its main warning sign is bleeding. If it is not treated with a professional cleaning and proper oral hygiene, it can progress to periodontitis.<\/li><li>Periodontitis: This is a deep inflammation that affects the gums and supporting tissues of the teeth. It can be localized or extend to the entire mouth. If left untreated, it can lead to tooth loss.<\/li><\/ul>\t\t\t\t\t\t\t\t<\/div>\n\t\t\t\t<\/div>\n\t\t<div class=\"elementor-element elementor-element-8fa7a1d e-con-full e-flex e-con e-child\" data-id=\"8fa7a1d\" data-element_type=\"container\" data-e-type=\"container\">\n\t\t\t\t<div class=\"elementor-element elementor-element-8aa56b3 elementor-widget__width-initial elementor-widget elementor-widget-text-editor\" data-id=\"8aa56b3\" data-element_type=\"widget\" data-e-type=\"widget\" data-widget_type=\"text-editor.default\">\n\t\t\t\t<div class=\"elementor-widget-container\">\n\t\t\t\t\t\t\t\t\t<p>\u201cA healthy smile starts with healthy gums. Detecting and treating periodontal diseases early is key.\u201d<\/p>\t\t\t\t\t\t\t\t<\/div>\n\t\t\t\t<\/div>\n\t\t\t\t<\/div>\n\t\t\t\t<\/div>\n\t\t\t\t<\/div>\n\t\t<div class=\"elementor-element elementor-element-00a7834 e-flex e-con-boxed e-con e-parent\" data-id=\"00a7834\" data-element_type=\"container\" data-e-type=\"container\" data-settings=\"{&quot;background_background&quot;:&quot;classic&quot;}\">\n\t\t\t\t\t<div class=\"e-con-inner\">\n\t\t<div class=\"elementor-element elementor-element-a8bf4c6 e-con-full e-flex e-con e-child\" data-id=\"a8bf4c6\" data-element_type=\"container\" data-e-type=\"container\">\n\t\t\t\t<div class=\"elementor-element elementor-element-24ed8f1 elementor-widget__width-initial elementor-widget elementor-widget-text-editor\" data-id=\"24ed8f1\" data-element_type=\"widget\" data-e-type=\"widget\" data-widget_type=\"text-editor.default\">\n\t\t\t\t<div class=\"elementor-widget-container\">\n\t\t\t\t\t\t\t\t\t<p><b>Schedule your first consultation today!<\/b><\/p>\t\t\t\t\t\t\t\t<\/div>\n\t\t\t\t<\/div>\n\t\t\t\t<div class=\"elementor-element elementor-element-9263883 elementor-widget__width-initial elementor-widget elementor-widget-heading\" data-id=\"9263883\" data-element_type=\"widget\" data-e-type=\"widget\" data-widget_type=\"heading.default\">\n\t\t\t\t<div class=\"elementor-widget-container\">\n\t\t\t\t\t<h2 class=\"elementor-heading-title elementor-size-default\">Take the first step to a healthy smile.<\/h2>\t\t\t\t<\/div>\n\t\t\t\t<\/div>\n\t\t\t\t<\/div>\n\t\t\t\t<div class=\"elementor-element elementor-element-6a93e5b elementor-widget__width-initial elementor-widget-mobile__width-inherit elementor-widget elementor-widget-heading\" data-id=\"6a93e5b\" data-element_type=\"widget\" data-e-type=\"widget\" data-widget_type=\"heading.default\">\n\t\t\t\t<div class=\"elementor-widget-container\">\n\t\t\t\t\t<h2 class=\"elementor-heading-title elementor-size-default\">First consultation free<\/h2>\t\t\t\t<\/div>\n\t\t\t\t<\/div>\n\t\t<div class=\"elementor-element elementor-element-c537207 e-con-full e-flex e-con e-child\" data-id=\"c537207\" data-element_type=\"container\" data-e-type=\"container\">\n\t\t\t\t<div class=\"elementor-element elementor-element-9fc2f66 elementor-widget__width-initial elementor-widget elementor-widget-text-editor\" data-id=\"9fc2f66\" data-element_type=\"widget\" data-e-type=\"widget\" data-widget_type=\"text-editor.default\">\n\t\t\t\t<div class=\"elementor-widget-container\">\n\t\t\t\t\t\t\t\t\t<p>Discover a new experience in <strong>dental care<\/strong> with our <strong>first consultation<\/strong> and fully diagnosed <strong>gratuitous <\/strong>for new patients.<\/p>\t\t\t\t\t\t\t\t<\/div>\n\t\t\t\t<\/div>\n\t\t\t\t<div class=\"elementor-element elementor-element-b8ab61c elementor-align-justify elementor-widget__width-initial elementor-widget elementor-widget-button\" data-id=\"b8ab61c\" data-element_type=\"widget\" data-e-type=\"widget\" data-widget_type=\"button.default\">\n\t\t\t\t<div class=\"elementor-widget-container\">\n\t\t\t\t\t\t\t\t\t<div class=\"elementor-button-wrapper\">\n\t\t\t\t\t<a class=\"elementor-button elementor-button-link elementor-size-sm\" href=\"https:\/\/api.whatsapp.com\/send?phone=34661766827&#038;text=%C2%A1Hola!%20Estoy%20interesado\/a%20en%20solicitar%20una%20primera%20consulta\">\n\t\t\t\t\t\t<span class=\"elementor-button-content-wrapper\">\n\t\t\t\t\t\t<span class=\"elementor-button-icon\">\n\t\t\t\t<svg aria-hidden=\"true\" class=\"e-font-icon-svg e-fab-whatsapp\" viewbox=\"0 0 448 512\" xmlns=\"http:\/\/www.w3.org\/2000\/svg\"><path d=\"M380.9 97.1C339 55.1 283.2 32 223.9 32c-122.4 0-222 99.6-222 222 0 39.1 10.2 77.3 29.6 111L0 480l117.7-30.9c32.4 17.7 68.9 27 106.1 27h.1c122.3 0 224.1-99.6 224.1-222 0-59.3-25.2-115-67.1-157zm-157 341.6c-33.2 0-65.7-8.9-94-25.7l-6.7-4-69.8 18.3L72 359.2l-4.4-7c-18.5-29.4-28.2-63.3-28.2-98.2 0-101.7 82.8-184.5 184.6-184.5 49.3 0 95.6 19.2 130.4 54.1 34.8 34.9 56.2 81.2 56.1 130.5 0 101.8-84.9 184.6-186.6 184.6zm101.2-138.2c-5.5-2.8-32.8-16.2-37.9-18-5.1-1.9-8.8-2.8-12.5 2.8-3.7 5.6-14.3 18-17.6 21.8-3.2 3.7-6.5 4.2-12 1.4-32.6-16.3-54-29.1-75.5-66-5.7-9.8 5.7-9.1 16.3-30.3 1.8-3.7.9-6.9-.5-9.7-1.4-2.8-12.5-30.1-17.1-41.2-4.5-10.8-9.1-9.3-12.5-9.5-3.2-.2-6.9-.2-10.6-.2-3.7 0-9.7 1.4-14.8 6.9-5.1 5.6-19.4 19-19.4 46.3 0 27.3 19.9 53.7 22.6 57.4 2.8 3.7 39.1 59.7 94.8 83.8 35.2 15.2 49 16.5 66.6 13.9 10.7-1.6 32.8-13.4 37.4-26.4 4.6-13 4.6-24.1 3.2-26.4-1.3-2.5-5-3.9-10.5-6.6z\"><\/path><\/svg>\t\t\t<\/span>\n\t\t\t\t\t\t\t\t\t<span class=\"elementor-button-text\">Free consultation<\/span>\n\t\t\t\t\t<\/span>\n\t\t\t\t\t<\/a>\n\t\t\t\t<\/div>\n\t\t\t\t\t\t\t\t<\/div>\n\t\t\t\t<\/div>\n\t\t\t\t<\/div>\n\t\t\t\t\t<\/div>\n\t\t\t\t<\/div>\n\t\t\t\t<\/div>","protected":false},"excerpt":{"rendered":"<p>Periodoncia Servicio:Periodoncia Etiquetas:Salud de enc\u00edas, cuidado periodontal, enc\u00edas sanas, tratamientos de enc\u00edas, enc\u00edas cuidadas. Contactar \u00bfQu\u00e9 es la periodoncia? La periodoncia es una especialidad de la odontolog\u00eda dedicada a la prevenci\u00f3n, diagn\u00f3stico y tratamiento de las enfermedades periodontales, que afectan las enc\u00edas y los tejidos de soporte de los dientes. El signo m\u00e1s com\u00fan de [&hellip;]<\/p>\n","protected":false},"author":2,"featured_media":0,"parent":25,"menu_order":0,"comment_status":"closed","ping_status":"closed","template":"","meta":{"footnotes":""},"class_list":["post-626","page","type-page","status-publish","hentry"],"yoast_head":"<!-- This site is optimized with the Yoast SEO plugin v27.4 - https:\/\/yoast.com\/product\/yoast-seo-wordpress\/ -->\n<title>Periodoncia | RBG Clinic<\/title>\n<meta name=\"description\" content=\"La periodoncia es una especialidad dedicada a la prevenci\u00f3n y tratamiento de las enfermedades periodontales que afectan las enc\u00edas y los tejidos de soporte de los dientes.\" \/>\n<meta name=\"robots\" content=\"index, follow, max-snippet:-1, max-image-preview:large, max-video-preview:-1\" \/>\n<link rel=\"canonical\" href=\"https:\/\/rbgclinic.com\/en\/tratamientos-dentales\/periodoncia\/\" \/>\n<meta property=\"og:locale\" content=\"en_GB\" \/>\n<meta property=\"og:type\" content=\"article\" \/>\n<meta property=\"og:title\" content=\"Periodoncia | RBG Clinic\" \/>\n<meta property=\"og:description\" content=\"La periodoncia es una especialidad dedicada a la prevenci\u00f3n y tratamiento de las enfermedades periodontales que afectan las enc\u00edas y los tejidos de soporte de los dientes.\" \/>\n<meta property=\"og:url\" content=\"https:\/\/rbgclinic.com\/en\/tratamientos-dentales\/periodoncia\/\" \/>\n<meta property=\"og:site_name\" content=\"RBG Clinic\" \/>\n<meta property=\"article:publisher\" content=\"https:\/\/www.facebook.com\/RbgclinicDrRabago\" \/>\n<meta property=\"article:modified_time\" content=\"2025-08-27T11:07:28+00:00\" \/>\n<meta property=\"og:image\" content=\"https:\/\/rbgclinic.com\/wp-content\/uploads\/2025\/01\/periodoncia.webp\" \/>\n<meta name=\"twitter:card\" content=\"summary_large_image\" \/>\n<meta name=\"twitter:site\" content=\"@rbgclinic\" \/>\n<meta name=\"twitter:label1\" content=\"Estimated reading time\" \/>\n\t<meta name=\"twitter:data1\" content=\"2 minutes\" \/>\n<script type=\"application\/ld+json\" class=\"yoast-schema-graph\">{\"@context\":\"https:\\\/\\\/schema.org\",\"@graph\":[{\"@type\":\"WebPage\",\"@id\":\"https:\\\/\\\/rbgclinic.com\\\/tratamientos-dentales\\\/periodoncia\\\/\",\"url\":\"https:\\\/\\\/rbgclinic.com\\\/tratamientos-dentales\\\/periodoncia\\\/\",\"name\":\"Periodoncia | RBG Clinic\",\"isPartOf\":{\"@id\":\"https:\\\/\\\/rbgclinic.com\\\/#website\"},\"primaryImageOfPage\":{\"@id\":\"https:\\\/\\\/rbgclinic.com\\\/tratamientos-dentales\\\/periodoncia\\\/#primaryimage\"},\"image\":{\"@id\":\"https:\\\/\\\/rbgclinic.com\\\/tratamientos-dentales\\\/periodoncia\\\/#primaryimage\"},\"thumbnailUrl\":\"https:\\\/\\\/rbgclinic.com\\\/wp-content\\\/uploads\\\/2025\\\/01\\\/periodoncia.webp\",\"datePublished\":\"2024-12-30T13:11:36+00:00\",\"dateModified\":\"2025-08-27T11:07:28+00:00\",\"description\":\"La periodoncia es una especialidad dedicada a la prevenci\u00f3n y tratamiento de las enfermedades periodontales que afectan las enc\u00edas y los tejidos de soporte de los dientes.\",\"breadcrumb\":{\"@id\":\"https:\\\/\\\/rbgclinic.com\\\/tratamientos-dentales\\\/periodoncia\\\/#breadcrumb\"},\"inLanguage\":\"en-GB\",\"potentialAction\":[{\"@type\":\"ReadAction\",\"target\":[\"https:\\\/\\\/rbgclinic.com\\\/tratamientos-dentales\\\/periodoncia\\\/\"]}]},{\"@type\":\"ImageObject\",\"inLanguage\":\"en-GB\",\"@id\":\"https:\\\/\\\/rbgclinic.com\\\/tratamientos-dentales\\\/periodoncia\\\/#primaryimage\",\"url\":\"https:\\\/\\\/rbgclinic.com\\\/wp-content\\\/uploads\\\/2025\\\/01\\\/periodoncia.webp\",\"contentUrl\":\"https:\\\/\\\/rbgclinic.com\\\/wp-content\\\/uploads\\\/2025\\\/01\\\/periodoncia.webp\"},{\"@type\":\"BreadcrumbList\",\"@id\":\"https:\\\/\\\/rbgclinic.com\\\/tratamientos-dentales\\\/periodoncia\\\/#breadcrumb\",\"itemListElement\":[{\"@type\":\"ListItem\",\"position\":1,\"name\":\"Portada\",\"item\":\"https:\\\/\\\/rbgclinic.com\\\/\"},{\"@type\":\"ListItem\",\"position\":2,\"name\":\"Tratamientos dentales\",\"item\":\"https:\\\/\\\/rbgclinic.com\\\/tratamientos-dentales\\\/\"},{\"@type\":\"ListItem\",\"position\":3,\"name\":\"Periodoncia\"}]},{\"@type\":\"WebSite\",\"@id\":\"https:\\\/\\\/rbgclinic.com\\\/#website\",\"url\":\"https:\\\/\\\/rbgclinic.com\\\/\",\"name\":\"C\u00ednica dental RBG Clinic Jerez\",\"description\":\"Cl\u00ednica dental RBG Clinic Jerez | Dentista en Jerez de la Frontera\",\"publisher\":{\"@id\":\"https:\\\/\\\/rbgclinic.com\\\/#organization\"},\"alternateName\":\"Cl\u00ednica dental RBG Clinic Jerez\",\"potentialAction\":[{\"@type\":\"SearchAction\",\"target\":{\"@type\":\"EntryPoint\",\"urlTemplate\":\"https:\\\/\\\/rbgclinic.com\\\/?s={search_term_string}\"},\"query-input\":{\"@type\":\"PropertyValueSpecification\",\"valueRequired\":true,\"valueName\":\"search_term_string\"}}],\"inLanguage\":\"en-GB\"},{\"@type\":\"Organization\",\"@id\":\"https:\\\/\\\/rbgclinic.com\\\/#organization\",\"name\":\"RBG Clinic | Cl\u00ednica Dental en Jerez\",\"alternateName\":\"Cl\u00ednica dental RBG Clinic Jerez\",\"url\":\"https:\\\/\\\/rbgclinic.com\\\/\",\"logo\":{\"@type\":\"ImageObject\",\"inLanguage\":\"en-GB\",\"@id\":\"https:\\\/\\\/rbgclinic.com\\\/#\\\/schema\\\/logo\\\/image\\\/\",\"url\":\"https:\\\/\\\/rbgclinic.com\\\/wp-content\\\/uploads\\\/2025\\\/04\\\/rbg-clinica-dental-jerez.webp\",\"contentUrl\":\"https:\\\/\\\/rbgclinic.com\\\/wp-content\\\/uploads\\\/2025\\\/04\\\/rbg-clinica-dental-jerez.webp\",\"width\":1080,\"height\":1080,\"caption\":\"RBG Clinic | Cl\u00ednica Dental en Jerez\"},\"image\":{\"@id\":\"https:\\\/\\\/rbgclinic.com\\\/#\\\/schema\\\/logo\\\/image\\\/\"},\"sameAs\":[\"https:\\\/\\\/www.facebook.com\\\/RbgclinicDrRabago\",\"https:\\\/\\\/x.com\\\/rbgclinic\",\"https:\\\/\\\/www.instagram.com\\\/rbgclinic\\\/\",\"https:\\\/\\\/www.youtube.com\\\/@ClinicaDentalRBGClinicJerez\\\/\",\"https:\\\/\\\/www.doctoralia.es\\\/clinicas\\\/rbg-instituto-de-odontologia-y-cirugia-oral-dr-rabago\"]}]}<\/script>\n<!-- \/ Yoast SEO plugin. -->","yoast_head_json":{"title":"Periodoncia | RBG Clinic","description":"La periodoncia es una especialidad dedicada a la prevenci\u00f3n y tratamiento de las enfermedades periodontales que afectan las enc\u00edas y los tejidos de soporte de los dientes.","robots":{"index":"index","follow":"follow","max-snippet":"max-snippet:-1","max-image-preview":"max-image-preview:large","max-video-preview":"max-video-preview:-1"},"canonical":"https:\/\/rbgclinic.com\/en\/tratamientos-dentales\/periodoncia\/","og_locale":"en_GB","og_type":"article","og_title":"Periodoncia | RBG Clinic","og_description":"La periodoncia es una especialidad dedicada a la prevenci\u00f3n y tratamiento de las enfermedades periodontales que afectan las enc\u00edas y los tejidos de soporte de los dientes.","og_url":"https:\/\/rbgclinic.com\/en\/tratamientos-dentales\/periodoncia\/","og_site_name":"RBG Clinic","article_publisher":"https:\/\/www.facebook.com\/RbgclinicDrRabago","article_modified_time":"2025-08-27T11:07:28+00:00","og_image":[{"url":"https:\/\/rbgclinic.com\/wp-content\/uploads\/2025\/01\/periodoncia.webp","type":"","width":"","height":""}],"twitter_card":"summary_large_image","twitter_site":"@rbgclinic","twitter_misc":{"Estimated reading time":"2 minutes"},"schema":{"@context":"https:\/\/schema.org","@graph":[{"@type":"WebPage","@id":"https:\/\/rbgclinic.com\/tratamientos-dentales\/periodoncia\/","url":"https:\/\/rbgclinic.com\/tratamientos-dentales\/periodoncia\/","name":"Periodoncia | RBG Clinic","isPartOf":{"@id":"https:\/\/rbgclinic.com\/#website"},"primaryImageOfPage":{"@id":"https:\/\/rbgclinic.com\/tratamientos-dentales\/periodoncia\/#primaryimage"},"image":{"@id":"https:\/\/rbgclinic.com\/tratamientos-dentales\/periodoncia\/#primaryimage"},"thumbnailUrl":"https:\/\/rbgclinic.com\/wp-content\/uploads\/2025\/01\/periodoncia.webp","datePublished":"2024-12-30T13:11:36+00:00","dateModified":"2025-08-27T11:07:28+00:00","description":"La periodoncia es una especialidad dedicada a la prevenci\u00f3n y tratamiento de las enfermedades periodontales que afectan las enc\u00edas y los tejidos de soporte de los dientes.","breadcrumb":{"@id":"https:\/\/rbgclinic.com\/tratamientos-dentales\/periodoncia\/#breadcrumb"},"inLanguage":"en-GB","potentialAction":[{"@type":"ReadAction","target":["https:\/\/rbgclinic.com\/tratamientos-dentales\/periodoncia\/"]}]},{"@type":"ImageObject","inLanguage":"en-GB","@id":"https:\/\/rbgclinic.com\/tratamientos-dentales\/periodoncia\/#primaryimage","url":"https:\/\/rbgclinic.com\/wp-content\/uploads\/2025\/01\/periodoncia.webp","contentUrl":"https:\/\/rbgclinic.com\/wp-content\/uploads\/2025\/01\/periodoncia.webp"},{"@type":"BreadcrumbList","@id":"https:\/\/rbgclinic.com\/tratamientos-dentales\/periodoncia\/#breadcrumb","itemListElement":[{"@type":"ListItem","position":1,"name":"Portada","item":"https:\/\/rbgclinic.com\/"},{"@type":"ListItem","position":2,"name":"Tratamientos dentales","item":"https:\/\/rbgclinic.com\/tratamientos-dentales\/"},{"@type":"ListItem","position":3,"name":"Periodoncia"}]},{"@type":"WebSite","@id":"https:\/\/rbgclinic.com\/#website","url":"https:\/\/rbgclinic.com\/","name":"RBG Clinic Jerez dental clinic","description":"RBG Clinic Jerez | Dentist in Jerez de la Frontera","publisher":{"@id":"https:\/\/rbgclinic.com\/#organization"},"alternateName":"Cl\u00ednica dental RBG Clinic Jerez","potentialAction":[{"@type":"SearchAction","target":{"@type":"EntryPoint","urlTemplate":"https:\/\/rbgclinic.com\/?s={search_term_string}"},"query-input":{"@type":"PropertyValueSpecification","valueRequired":true,"valueName":"search_term_string"}}],"inLanguage":"en-GB"},{"@type":"Organization","@id":"https:\/\/rbgclinic.com\/#organization","name":"RBG Clinic | Dental Clinic in Jerez","alternateName":"Cl\u00ednica dental RBG Clinic Jerez","url":"https:\/\/rbgclinic.com\/","logo":{"@type":"ImageObject","inLanguage":"en-GB","@id":"https:\/\/rbgclinic.com\/#\/schema\/logo\/image\/","url":"https:\/\/rbgclinic.com\/wp-content\/uploads\/2025\/04\/rbg-clinica-dental-jerez.webp","contentUrl":"https:\/\/rbgclinic.com\/wp-content\/uploads\/2025\/04\/rbg-clinica-dental-jerez.webp","width":1080,"height":1080,"caption":"RBG Clinic | Cl\u00ednica Dental en Jerez"},"image":{"@id":"https:\/\/rbgclinic.com\/#\/schema\/logo\/image\/"},"sameAs":["https:\/\/www.facebook.com\/RbgclinicDrRabago","https:\/\/x.com\/rbgclinic","https:\/\/www.instagram.com\/rbgclinic\/","https:\/\/www.youtube.com\/@ClinicaDentalRBGClinicJerez\/","https:\/\/www.doctoralia.es\/clinicas\/rbg-instituto-de-odontologia-y-cirugia-oral-dr-rabago"]}]}},"_links":{"self":[{"href":"https:\/\/rbgclinic.com\/en\/wp-json\/wp\/v2\/pages\/626","targetHints":{"allow":["GET"]}}],"collection":[{"href":"https:\/\/rbgclinic.com\/en\/wp-json\/wp\/v2\/pages"}],"about":[{"href":"https:\/\/rbgclinic.com\/en\/wp-json\/wp\/v2\/types\/page"}],"author":[{"embeddable":true,"href":"https:\/\/rbgclinic.com\/en\/wp-json\/wp\/v2\/users\/2"}],"replies":[{"embeddable":true,"href":"https:\/\/rbgclinic.com\/en\/wp-json\/wp\/v2\/comments?post=626"}],"version-history":[{"count":0,"href":"https:\/\/rbgclinic.com\/en\/wp-json\/wp\/v2\/pages\/626\/revisions"}],"up":[{"embeddable":true,"href":"https:\/\/rbgclinic.com\/en\/wp-json\/wp\/v2\/pages\/25"}],"wp:attachment":[{"href":"https:\/\/rbgclinic.com\/en\/wp-json\/wp\/v2\/media?parent=626"}],"curies":[{"name":"wp","href":"https:\/\/api.w.org\/{rel}","templated":true}]}}