{"id":40,"date":"2024-11-06T10:01:14","date_gmt":"2024-11-06T10:01:14","guid":{"rendered":"https:\/\/rbgclinic.com\/?page_id=40"},"modified":"2025-08-06T13:39:33","modified_gmt":"2025-08-06T13:39:33","slug":"aviso-legal","status":"publish","type":"page","link":"https:\/\/rbgclinic.com\/en\/aviso-legal\/","title":{"rendered":"Legal notice"},"content":{"rendered":"<div data-elementor-type=\"wp-page\" data-elementor-id=\"40\" class=\"elementor elementor-40\" data-elementor-post-type=\"page\">\n\t\t\t\t<div class=\"elementor-element elementor-element-4e6b419 e-flex e-con-boxed e-con e-parent\" data-id=\"4e6b419\" data-element_type=\"container\" data-e-type=\"container\">\n\t\t\t\t\t<div class=\"e-con-inner\">\n\t\t\t\t<div class=\"elementor-element elementor-element-d415089 elementor-widget elementor-widget-heading\" data-id=\"d415089\" data-element_type=\"widget\" data-e-type=\"widget\" data-widget_type=\"heading.default\">\n\t\t\t\t<div class=\"elementor-widget-container\">\n\t\t\t\t\t<h2 class=\"elementor-heading-title elementor-size-default\">LEGAL NOTICE AND GENERAL CONDITIONS OF USE\n<\/h2>\t\t\t\t<\/div>\n\t\t\t\t<\/div>\n\t\t\t\t<div class=\"elementor-element elementor-element-3344235 elementor-widget elementor-widget-text-editor\" data-id=\"3344235\" data-element_type=\"widget\" data-e-type=\"widget\" data-widget_type=\"text-editor.default\">\n\t\t\t\t<div class=\"elementor-widget-container\">\n\t\t\t\t\t\t\t\t\t<p>https:\/\/www.rbgclinic.com<br \/>I. GENERAL INFORMATION<\/p>\t\t\t\t\t\t\t\t<\/div>\n\t\t\t\t<\/div>\n\t\t\t\t<div class=\"elementor-element elementor-element-c6e76a4 elementor-widget elementor-widget-text-editor\" data-id=\"c6e76a4\" data-element_type=\"widget\" data-e-type=\"widget\" data-widget_type=\"text-editor.default\">\n\t\t\t\t<div class=\"elementor-widget-container\">\n\t\t\t\t\t\t\t\t\t<p>In compliance with the duty of information provided in Law 34\/2002 on Information Society Services and Electronic Commerce (LSSI-CE) of July 11, the following general information about this website is provided below:<\/p><p>The ownership of this website, https:\/\/www.rbgclinic.com, (hereinafter, Website) is held by: RABAGODON SL, with NIF: B11894706, and whose contact details are:<\/p><p>Address: C. Sevilla, 20, 2\u00aaA, 11402 Jerez de la Frontera, Cadiz<\/p><p>Contact phone number: +34 956 339 083<\/p><p>Contact email: rbg@rbgclinic.com<\/p>\t\t\t\t\t\t\t\t<\/div>\n\t\t\t\t<\/div>\n\t\t\t\t<div class=\"elementor-element elementor-element-3699b78 elementor-widget elementor-widget-text-editor\" data-id=\"3699b78\" data-element_type=\"widget\" data-e-type=\"widget\" data-widget_type=\"text-editor.default\">\n\t\t\t\t<div class=\"elementor-widget-container\">\n\t\t\t\t\t\t\t\t\t<p>II. GENERAL TERMS AND CONDITIONS OF USE<br \/>The object of the conditions: The Website<\/p>\t\t\t\t\t\t\t\t<\/div>\n\t\t\t\t<\/div>\n\t\t\t\t<div class=\"elementor-element elementor-element-a3fcd8a elementor-widget elementor-widget-text-editor\" data-id=\"a3fcd8a\" data-element_type=\"widget\" data-e-type=\"widget\" data-widget_type=\"text-editor.default\">\n\t\t\t\t<div class=\"elementor-widget-container\">\n\t\t\t\t\t\t\t\t\t<p>The purpose of these General Conditions of Use (hereinafter, Conditions) is to regulate access to and use of the Website. For the purposes of these Conditions, the Website shall be understood as: the external appearance of the screen interfaces, both statically and dynamically, that is, the navigation tree; and all the elements integrated both in the screen interfaces and in the navigation tree (hereinafter, Contents) and all those services or online resources that it may offer to Users (hereinafter, Services).<\/p><p>RABAGODON SL reserves the right to modify, at any time and without prior notice, the presentation and configuration of the Website and the Contents and Services that may be incorporated therein. The User acknowledges and accepts that RABAGODON SL may at any time interrupt, deactivate and\/or cancel any of these elements that are integrated into the Website or access to them.<\/p>\t\t\t\t\t\t\t\t<\/div>\n\t\t\t\t<\/div>\n\t\t\t\t<div class=\"elementor-element elementor-element-32ca694 elementor-widget elementor-widget-text-editor\" data-id=\"32ca694\" data-element_type=\"widget\" data-e-type=\"widget\" data-widget_type=\"text-editor.default\">\n\t\t\t\t<div class=\"elementor-widget-container\">\n\t\t\t\t\t\t\t\t\t<p>The User<\/p>\t\t\t\t\t\t\t\t<\/div>\n\t\t\t\t<\/div>\n\t\t\t\t<div class=\"elementor-element elementor-element-9ad41a1 elementor-widget elementor-widget-text-editor\" data-id=\"9ad41a1\" data-element_type=\"widget\" data-e-type=\"widget\" data-widget_type=\"text-editor.default\">\n\t\t\t\t<div class=\"elementor-widget-container\">\n\t\t\t\t\t\t\t\t\t<p>Access, navigation and use of the Website confers the status of User, and therefore, from the moment you begin browsing the Website, you accept all the Conditions established herein, as well as any subsequent modifications, without prejudice to the application of the corresponding legal regulations of mandatory compliance as the case may be. Given the relevance of the above, the User is recommended to read them each time they visit the Website.<\/p><p>The RABAGODON SL Website provides a wide variety of information, services and data. The User assumes responsibility for making correct use of the Website. This responsibility shall extend to:<\/p><ul><li>Use of the information, Content and\/or Services and data offered by RABAGODON SL that is not contrary to the provisions of these Conditions, the Law, morality or public order, or that in any other way may result in injury to the rights of third parties or the operation of the Website itself.<\/li><li>The veracity and legality of the information provided by the User in the forms provided by RABAGODON SL for access to certain Content or Services offered by the Website. In any case, the User shall immediately notify RABAGODON SL of any event that allows the improper use of the information recorded in said forms, such as, but not limited to, theft, loss, or unauthorized access to identifiers and\/or passwords, in order to proceed with their immediate cancellation.<\/li><\/ul><p>Mere access to this Website does not imply establishing any type of commercial relationship between RABAGODON SL and the User.<\/p>\t\t\t\t\t\t\t\t<\/div>\n\t\t\t\t<\/div>\n\t\t\t\t<div class=\"elementor-element elementor-element-584917e elementor-widget elementor-widget-text-editor\" data-id=\"584917e\" data-element_type=\"widget\" data-e-type=\"widget\" data-widget_type=\"text-editor.default\">\n\t\t\t\t<div class=\"elementor-widget-container\">\n\t\t\t\t\t\t\t\t\t<p>III. ACCESS AND NAVIGATION ON THE WEBSITE: EXCLUSION OF WARRANTIES AND LIABILITY<\/p>\t\t\t\t\t\t\t\t<\/div>\n\t\t\t\t<\/div>\n\t\t\t\t<div class=\"elementor-element elementor-element-ee67f65 elementor-widget elementor-widget-text-editor\" data-id=\"ee67f65\" data-element_type=\"widget\" data-e-type=\"widget\" data-widget_type=\"text-editor.default\">\n\t\t\t\t<div class=\"elementor-widget-container\">\n\t\t\t\t\t\t\t\t\t<p>RABAGODON SL does not guarantee the continuity, availability and usefulness of the Website, nor of the Contents or Services. RABAGODON SL will do everything possible to ensure the proper functioning of the Website, however, it is not responsible for and does not guarantee that access to this Website will not be interrupted or error-free.<\/p><p>RABAGODON SL is not responsible or guarantees that the content or software that may be accessed through this Website is error-free or causes damage to the User&#039;s computer system (software and hardware). In no case will RABAGODON SL be liable for losses, damages or losses of any kind arising from access, navigation and use of the Website, including, but not limited to, those caused to computer systems or those caused by the introduction of viruses.<\/p><p>RABAGODON SL is not responsible for any damage that may be caused to users due to inappropriate use of this Website. In particular, it is not responsible in any way for any failures, interruptions, lack or defect in telecommunications that may occur.<\/p>\t\t\t\t\t\t\t\t<\/div>\n\t\t\t\t<\/div>\n\t\t\t\t<div class=\"elementor-element elementor-element-1956cb5 elementor-widget elementor-widget-text-editor\" data-id=\"1956cb5\" data-element_type=\"widget\" data-e-type=\"widget\" data-widget_type=\"text-editor.default\">\n\t\t\t\t<div class=\"elementor-widget-container\">\n\t\t\t\t\t\t\t\t\t<p>IV. LINKING POLICY<\/p>\t\t\t\t\t\t\t\t<\/div>\n\t\t\t\t<\/div>\n\t\t\t\t<div class=\"elementor-element elementor-element-aee812b elementor-widget elementor-widget-text-editor\" data-id=\"aee812b\" data-element_type=\"widget\" data-e-type=\"widget\" data-widget_type=\"text-editor.default\">\n\t\t\t\t<div class=\"elementor-widget-container\">\n\t\t\t\t\t\t\t\t\t<p>RABAGODON SL does not offer or market, either itself or through third parties, the products and\/or services available on said linked sites.<\/p><p>The User or third party who creates a hyperlink from a web page of another, different, website to the RABAGODON SL Website must know that:<\/p><p>Reproduction, in whole or in part, of any of the Contents and\/or Services of the Website is not permitted without the express authorization of RABAGODON SL.<\/p><p>Any false, inaccurate or incorrect statement regarding the RABAGODON SL Website, or its Contents and\/or Services, is also not permitted.<\/p><p>With the exception of the hyperlink, the website on which said hyperlink is established will not contain any element of this Website protected as intellectual property by the Spanish legal system, unless expressly authorized by RABAGODON SL.<\/p><p>The establishment of the hyperlink will not imply the existence of relations between RABAGODON SL and the owner of the website from which it is made, nor the knowledge and acceptance by RABAGODON SL of the contents, services and\/or activities offered on said website, and vice versa.<\/p>\t\t\t\t\t\t\t\t<\/div>\n\t\t\t\t<\/div>\n\t\t\t\t<div class=\"elementor-element elementor-element-57e623c elementor-widget elementor-widget-text-editor\" data-id=\"57e623c\" data-element_type=\"widget\" data-e-type=\"widget\" data-widget_type=\"text-editor.default\">\n\t\t\t\t<div class=\"elementor-widget-container\">\n\t\t\t\t\t\t\t\t\t<p>V. INTELLECTUAL AND INDUSTRIAL PROPERTY<\/p>\t\t\t\t\t\t\t\t<\/div>\n\t\t\t\t<\/div>\n\t\t\t\t<div class=\"elementor-element elementor-element-f7dd841 elementor-widget elementor-widget-text-editor\" data-id=\"f7dd841\" data-element_type=\"widget\" data-e-type=\"widget\" data-widget_type=\"text-editor.default\">\n\t\t\t\t<div class=\"elementor-widget-container\">\n\t\t\t\t\t\t\t\t\t<p>RABAGODON SL, by itself or as an assignee, is the owner of all intellectual and industrial property rights of the Website, as well as the elements contained therein (by way of example and not exhaustive, images, sound, audio, video, software or texts, brands or logos, colour combinations, structure and design, selection of materials used, computer programs necessary for its operation, access and use, etc.). They will therefore be works protected as intellectual property by the Spanish legal system, and both Spanish and European regulations in this field will be applicable to them, as well as international treaties relating to the matter and signed by Spain.<\/p><p>All rights reserved. Pursuant to the provisions of the Intellectual Property Law, the reproduction, distribution and public communication, including the method of making available, of all or part of the contents of this website, for commercial purposes, on any medium and by any technical means, without the authorization of RABAGODON SL, is expressly prohibited.<\/p><p>The User undertakes to respect the intellectual and industrial property rights of RABAGODON SL. The User may view the elements of the Website or even print, copy and store them on the hard drive of his\/her computer or any other physical medium, provided that this is exclusively for his\/her personal use. The User, however, may not delete, alter or manipulate any protection device or security system installed on the Website.<\/p><p>In the event that the User or a third party considers that any of the Contents of the Website constitutes a violation of intellectual property rights, they must immediately notify RABAGODON SL through the contact details in the GENERAL INFORMATION section of this Legal Notice and General Conditions of Use.<\/p>\t\t\t\t\t\t\t\t<\/div>\n\t\t\t\t<\/div>\n\t\t\t\t<div class=\"elementor-element elementor-element-ae9cd01 elementor-widget elementor-widget-text-editor\" data-id=\"ae9cd01\" data-element_type=\"widget\" data-e-type=\"widget\" data-widget_type=\"text-editor.default\">\n\t\t\t\t<div class=\"elementor-widget-container\">\n\t\t\t\t\t\t\t\t\t<p>VI. LEGAL ACTIONS, APPLICABLE LEGISLATION AND JURISDICTION<\/p>\t\t\t\t\t\t\t\t<\/div>\n\t\t\t\t<\/div>\n\t\t\t\t<div class=\"elementor-element elementor-element-6d2eee6 elementor-widget elementor-widget-text-editor\" data-id=\"6d2eee6\" data-element_type=\"widget\" data-e-type=\"widget\" data-widget_type=\"text-editor.default\">\n\t\t\t\t<div class=\"elementor-widget-container\">\n\t\t\t\t\t\t\t\t\t<p>RABAGODON SL reserves the right to take any civil or criminal action it deems necessary for improper use of the Website and Contents, or for failure to comply with these Conditions.<\/p><p>The relationship between the User and RABAGODON SL shall be governed by the regulations in force and applicable in Spanish territory. If any dispute arises in relation to the interpretation and\/or application of these Conditions, the parties shall submit their conflicts to the ordinary jurisdiction, submitting to the judges and courts that correspond according to law.<\/p><p>This Legal Notice and General Conditions of Use of the website document has been created using the online legal notice and general conditions of use template generator on 07\/16\/2021.<\/p>\t\t\t\t\t\t\t\t<\/div>\n\t\t\t\t<\/div>\n\t\t\t\t\t<\/div>\n\t\t\t\t<\/div>\n\t\t\t\t<\/div>","protected":false},"excerpt":{"rendered":"<p>AVISO LEGAL Y CONDICIONES GENERALES DE USO https:\/\/www.rbgclinic.comI. INFORMACI\u00d3N GENERAL En cumplimiento con el deber de informaci\u00f3n dispuesto en la Ley 34\/2002 de Servicios de la Sociedad de la Informaci\u00f3n y el Comercio Electr\u00f3nico (LSSI-CE) de 11 de julio, se facilitan a continuaci\u00f3n los siguientes datos de informaci\u00f3n general de este sitio web: La titularidad [&hellip;]<\/p>\n","protected":false},"author":2,"featured_media":0,"parent":0,"menu_order":0,"comment_status":"closed","ping_status":"closed","template":"","meta":{"footnotes":""},"class_list":["post-40","page","type-page","status-publish","hentry"],"yoast_head":"<!-- This site is optimized with the Yoast SEO plugin v27.4 - https:\/\/yoast.com\/product\/yoast-seo-wordpress\/ -->\n<title>Aviso legal | RBG Clinic<\/title>\n<meta name=\"robots\" content=\"noindex, nofollow\" \/>\n<meta property=\"og:locale\" content=\"en_GB\" \/>\n<meta property=\"og:type\" content=\"article\" \/>\n<meta property=\"og:title\" content=\"Aviso legal | RBG Clinic\" \/>\n<meta property=\"og:description\" content=\"AVISO LEGAL Y CONDICIONES GENERALES DE USO https:\/\/www.rbgclinic.comI. INFORMACI\u00d3N GENERAL En cumplimiento con el deber de informaci\u00f3n dispuesto en la Ley 34\/2002 de Servicios de la Sociedad de la Informaci\u00f3n y el Comercio Electr\u00f3nico (LSSI-CE) de 11 de julio, se facilitan a continuaci\u00f3n los siguientes datos de informaci\u00f3n general de este sitio web: La titularidad [&hellip;]\" \/>\n<meta property=\"og:url\" content=\"https:\/\/rbgclinic.com\/en\/aviso-legal\/\" \/>\n<meta property=\"og:site_name\" content=\"RBG Clinic\" \/>\n<meta property=\"article:publisher\" content=\"https:\/\/www.facebook.com\/RbgclinicDrRabago\" \/>\n<meta property=\"article:modified_time\" content=\"2025-08-06T13:39:33+00:00\" \/>\n<meta property=\"og:image\" content=\"https:\/\/rbgclinic.com\/wp-content\/uploads\/2025\/04\/rbg-clinica-dental-jerez.webp\" \/>\n\t<meta property=\"og:image:width\" content=\"1080\" \/>\n\t<meta property=\"og:image:height\" content=\"1080\" \/>\n\t<meta property=\"og:image:type\" content=\"image\/webp\" \/>\n<meta name=\"twitter:card\" content=\"summary_large_image\" \/>\n<meta name=\"twitter:site\" content=\"@rbgclinic\" \/>\n<meta name=\"twitter:label1\" content=\"Estimated reading time\" \/>\n\t<meta name=\"twitter:data1\" content=\"7 minutes\" \/>\n<script type=\"application\/ld+json\" class=\"yoast-schema-graph\">{\"@context\":\"https:\\\/\\\/schema.org\",\"@graph\":[{\"@type\":\"WebPage\",\"@id\":\"https:\\\/\\\/rbgclinic.com\\\/aviso-legal\\\/\",\"url\":\"https:\\\/\\\/rbgclinic.com\\\/aviso-legal\\\/\",\"name\":\"Aviso legal | RBG Clinic\",\"isPartOf\":{\"@id\":\"https:\\\/\\\/rbgclinic.com\\\/#website\"},\"datePublished\":\"2024-11-06T10:01:14+00:00\",\"dateModified\":\"2025-08-06T13:39:33+00:00\",\"breadcrumb\":{\"@id\":\"https:\\\/\\\/rbgclinic.com\\\/aviso-legal\\\/#breadcrumb\"},\"inLanguage\":\"en-GB\",\"potentialAction\":[{\"@type\":\"ReadAction\",\"target\":[\"https:\\\/\\\/rbgclinic.com\\\/aviso-legal\\\/\"]}]},{\"@type\":\"BreadcrumbList\",\"@id\":\"https:\\\/\\\/rbgclinic.com\\\/aviso-legal\\\/#breadcrumb\",\"itemListElement\":[{\"@type\":\"ListItem\",\"position\":1,\"name\":\"Portada\",\"item\":\"https:\\\/\\\/rbgclinic.com\\\/\"},{\"@type\":\"ListItem\",\"position\":2,\"name\":\"Aviso legal\"}]},{\"@type\":\"WebSite\",\"@id\":\"https:\\\/\\\/rbgclinic.com\\\/#website\",\"url\":\"https:\\\/\\\/rbgclinic.com\\\/\",\"name\":\"C\u00ednica dental RBG Clinic Jerez\",\"description\":\"Cl\u00ednica dental RBG Clinic Jerez | Dentista en Jerez de la Frontera\",\"publisher\":{\"@id\":\"https:\\\/\\\/rbgclinic.com\\\/#organization\"},\"alternateName\":\"Cl\u00ednica dental RBG Clinic Jerez\",\"potentialAction\":[{\"@type\":\"SearchAction\",\"target\":{\"@type\":\"EntryPoint\",\"urlTemplate\":\"https:\\\/\\\/rbgclinic.com\\\/?s={search_term_string}\"},\"query-input\":{\"@type\":\"PropertyValueSpecification\",\"valueRequired\":true,\"valueName\":\"search_term_string\"}}],\"inLanguage\":\"en-GB\"},{\"@type\":\"Organization\",\"@id\":\"https:\\\/\\\/rbgclinic.com\\\/#organization\",\"name\":\"RBG Clinic | Cl\u00ednica Dental en Jerez\",\"alternateName\":\"Cl\u00ednica dental RBG Clinic Jerez\",\"url\":\"https:\\\/\\\/rbgclinic.com\\\/\",\"logo\":{\"@type\":\"ImageObject\",\"inLanguage\":\"en-GB\",\"@id\":\"https:\\\/\\\/rbgclinic.com\\\/#\\\/schema\\\/logo\\\/image\\\/\",\"url\":\"https:\\\/\\\/rbgclinic.com\\\/wp-content\\\/uploads\\\/2025\\\/04\\\/rbg-clinica-dental-jerez.webp\",\"contentUrl\":\"https:\\\/\\\/rbgclinic.com\\\/wp-content\\\/uploads\\\/2025\\\/04\\\/rbg-clinica-dental-jerez.webp\",\"width\":1080,\"height\":1080,\"caption\":\"RBG Clinic | Cl\u00ednica Dental en Jerez\"},\"image\":{\"@id\":\"https:\\\/\\\/rbgclinic.com\\\/#\\\/schema\\\/logo\\\/image\\\/\"},\"sameAs\":[\"https:\\\/\\\/www.facebook.com\\\/RbgclinicDrRabago\",\"https:\\\/\\\/x.com\\\/rbgclinic\",\"https:\\\/\\\/www.instagram.com\\\/rbgclinic\\\/\",\"https:\\\/\\\/www.youtube.com\\\/@ClinicaDentalRBGClinicJerez\\\/\",\"https:\\\/\\\/www.doctoralia.es\\\/clinicas\\\/rbg-instituto-de-odontologia-y-cirugia-oral-dr-rabago\"]}]}<\/script>\n<!-- \/ Yoast SEO plugin. -->","yoast_head_json":{"title":"Legal Notice | RBG Clinic","robots":{"index":"noindex","follow":"nofollow"},"og_locale":"en_GB","og_type":"article","og_title":"Aviso legal | RBG Clinic","og_description":"AVISO LEGAL Y CONDICIONES GENERALES DE USO https:\/\/www.rbgclinic.comI. INFORMACI\u00d3N GENERAL En cumplimiento con el deber de informaci\u00f3n dispuesto en la Ley 34\/2002 de Servicios de la Sociedad de la Informaci\u00f3n y el Comercio Electr\u00f3nico (LSSI-CE) de 11 de julio, se facilitan a continuaci\u00f3n los siguientes datos de informaci\u00f3n general de este sitio web: La titularidad [&hellip;]","og_url":"https:\/\/rbgclinic.com\/en\/aviso-legal\/","og_site_name":"RBG Clinic","article_publisher":"https:\/\/www.facebook.com\/RbgclinicDrRabago","article_modified_time":"2025-08-06T13:39:33+00:00","og_image":[{"width":1080,"height":1080,"url":"https:\/\/rbgclinic.com\/wp-content\/uploads\/2025\/04\/rbg-clinica-dental-jerez.webp","type":"image\/webp"}],"twitter_card":"summary_large_image","twitter_site":"@rbgclinic","twitter_misc":{"Estimated reading time":"7 minutes"},"schema":{"@context":"https:\/\/schema.org","@graph":[{"@type":"WebPage","@id":"https:\/\/rbgclinic.com\/aviso-legal\/","url":"https:\/\/rbgclinic.com\/aviso-legal\/","name":"Legal Notice | RBG Clinic","isPartOf":{"@id":"https:\/\/rbgclinic.com\/#website"},"datePublished":"2024-11-06T10:01:14+00:00","dateModified":"2025-08-06T13:39:33+00:00","breadcrumb":{"@id":"https:\/\/rbgclinic.com\/aviso-legal\/#breadcrumb"},"inLanguage":"en-GB","potentialAction":[{"@type":"ReadAction","target":["https:\/\/rbgclinic.com\/aviso-legal\/"]}]},{"@type":"BreadcrumbList","@id":"https:\/\/rbgclinic.com\/aviso-legal\/#breadcrumb","itemListElement":[{"@type":"ListItem","position":1,"name":"Portada","item":"https:\/\/rbgclinic.com\/"},{"@type":"ListItem","position":2,"name":"Aviso legal"}]},{"@type":"WebSite","@id":"https:\/\/rbgclinic.com\/#website","url":"https:\/\/rbgclinic.com\/","name":"RBG Clinic Jerez dental clinic","description":"RBG Clinic Jerez | Dentist in Jerez de la Frontera","publisher":{"@id":"https:\/\/rbgclinic.com\/#organization"},"alternateName":"Cl\u00ednica dental RBG Clinic Jerez","potentialAction":[{"@type":"SearchAction","target":{"@type":"EntryPoint","urlTemplate":"https:\/\/rbgclinic.com\/?s={search_term_string}"},"query-input":{"@type":"PropertyValueSpecification","valueRequired":true,"valueName":"search_term_string"}}],"inLanguage":"en-GB"},{"@type":"Organization","@id":"https:\/\/rbgclinic.com\/#organization","name":"RBG Clinic | Dental Clinic in Jerez","alternateName":"Cl\u00ednica dental RBG Clinic Jerez","url":"https:\/\/rbgclinic.com\/","logo":{"@type":"ImageObject","inLanguage":"en-GB","@id":"https:\/\/rbgclinic.com\/#\/schema\/logo\/image\/","url":"https:\/\/rbgclinic.com\/wp-content\/uploads\/2025\/04\/rbg-clinica-dental-jerez.webp","contentUrl":"https:\/\/rbgclinic.com\/wp-content\/uploads\/2025\/04\/rbg-clinica-dental-jerez.webp","width":1080,"height":1080,"caption":"RBG Clinic | Cl\u00ednica Dental en Jerez"},"image":{"@id":"https:\/\/rbgclinic.com\/#\/schema\/logo\/image\/"},"sameAs":["https:\/\/www.facebook.com\/RbgclinicDrRabago","https:\/\/x.com\/rbgclinic","https:\/\/www.instagram.com\/rbgclinic\/","https:\/\/www.youtube.com\/@ClinicaDentalRBGClinicJerez\/","https:\/\/www.doctoralia.es\/clinicas\/rbg-instituto-de-odontologia-y-cirugia-oral-dr-rabago"]}]}},"_links":{"self":[{"href":"https:\/\/rbgclinic.com\/en\/wp-json\/wp\/v2\/pages\/40","targetHints":{"allow":["GET"]}}],"collection":[{"href":"https:\/\/rbgclinic.com\/en\/wp-json\/wp\/v2\/pages"}],"about":[{"href":"https:\/\/rbgclinic.com\/en\/wp-json\/wp\/v2\/types\/page"}],"author":[{"embeddable":true,"href":"https:\/\/rbgclinic.com\/en\/wp-json\/wp\/v2\/users\/2"}],"replies":[{"embeddable":true,"href":"https:\/\/rbgclinic.com\/en\/wp-json\/wp\/v2\/comments?post=40"}],"version-history":[{"count":0,"href":"https:\/\/rbgclinic.com\/en\/wp-json\/wp\/v2\/pages\/40\/revisions"}],"wp:attachment":[{"href":"https:\/\/rbgclinic.com\/en\/wp-json\/wp\/v2\/media?parent=40"}],"curies":[{"name":"wp","href":"https:\/\/api.w.org\/{rel}","templated":true}]}}